{"id":9642,"date":"2025-01-15T13:44:21","date_gmt":"2025-01-15T12:44:21","guid":{"rendered":"https:\/\/hidalgofestival.de\/workshop\/klang-der-stadt\/"},"modified":"2025-01-30T10:28:52","modified_gmt":"2025-01-30T09:28:52","slug":"klang-der-stadt","status":"publish","type":"page","link":"https:\/\/hidalgofestival.de\/en\/workshop\/klang-der-stadt\/","title":{"rendered":"Klang der Stadt"},"content":{"rendered":"<p>[vc_row full_width=&#8221;stretch_row&#8221; full_height=&#8221;yes&#8221; columns_placement=&#8221;top&#8221; content_placement=&#8221;bottom&#8221; background-position=&#8221;center-center&#8221; css=&#8221;.vc_custom_1736940698733{margin-bottom: 50px !important;background-image: url(https:\/\/hidalgofestival.de\/wp-content\/uploads\/2025\/01\/Screenshot-2025-01-15-at-12.01.28.png?id=9339) !important;background-position: center !important;background-repeat: no-repeat !important;background-size: cover !important;}&#8221;][vc_column][vc_row_inner css=&#8221;.vc_custom_1699042318924{padding-top: 30px !important;}&#8221;][vc_column_inner][\/vc_column_inner][\/vc_row_inner][\/vc_column][\/vc_row][vc_row full_height=&#8221;yes&#8221; css=&#8221;.vc_custom_1699040277994{margin-top: 50px !important;margin-bottom: 20px !important;}&#8221; el_class=&#8221;narrow&#8221;][vc_column][vc_column_text]<\/p>\n<h2>KLANG DER STADT \u2013 HIDALGO Werkstatt<\/h2>\n<h3>WORKSHOP AND FILM WITH PRESENTATION<\/h3>\n<p class=\"p1\"><em>What does your city sound like? What makes a place to live? What do you hear? People laughing, crying, arguing and making up. Cars roar past and honk their horns. Streetcars grind along the tracks. Someone plays \u201cSummer in the City\u201d by The Lovin&#8217; Spoonful on the saxophone. The Isar, the Lech or the Roter Main rushing quietly in the background. And maybe everything sounds entirely different.<\/em><\/p>\n<p class=\"p1\">With audio and video recording devices, students roam through their own city. They collect voices, languages, sounds, spatial impressions and scenes, they conduct interviews and they are silent in order to listen. They also explore the compositional style of contemporary composers and listen to some works. Together with an electronic artist and a composer with a recording studio, they create their own soundscape from the audio files, which they amplify with their own sounds produced using only their voices. In collaboration with a video artist, they combine this with the resulting video recordings and other jointly developed ideas to create a film that shows their city.<\/p>\n<p class=\"p1\">At the end, the students work with us to find a suitable platform for the premiere of the resulting film. Is it a municipal film or youth culture festival? Do they want to open their own channel on a social media platform with it and publish the film as a series in short units over a longer period of time? Do they want to organize their own movie night and invite their families and friends? We decide together.<\/p>\n<p>[\/vc_column_text]<div class=\"gt-image-gallery\"><div class=\"gt-columns gt-column-3 gt-column-space-10\"><div class=\"gt-col\"><div class=\"gt-inner\"><div class=\"gt-photo\"><a data-fancybox=\"gallery-82\" href=\"https:\/\/hidalgofestival.de\/wp-content\/uploads\/2025\/01\/Screenshot-2025-01-22-at-16.45.50.png\" data-srcset=\"https:\/\/hidalgofestival.de\/wp-content\/uploads\/2025\/01\/Screenshot-2025-01-22-at-16.45.50.png 930w, https:\/\/hidalgofestival.de\/wp-content\/uploads\/2025\/01\/Screenshot-2025-01-22-at-16.45.50-285x300.png 285w, https:\/\/hidalgofestival.de\/wp-content\/uploads\/2025\/01\/Screenshot-2025-01-22-at-16.45.50-768x809.png 768w\" data-caption=\"\"><\/a><img loading=\"lazy\" decoding=\"async\" width=\"650\" height=\"650\" src=\"data:image\/svg+xml,%3Csvg%20xmlns%3D%27http:\/\/www.w3.org\/2000\/svg%27%20viewBox%3D%270%200%203%202%27%3E%3C\/svg%3E\" class=\"attachment-eventchamp-thumbnail-2 size-eventchamp-thumbnail-2 gt-lazy-load\" alt=\"\" data-src=\"https:\/\/hidalgofestival.de\/wp-content\/uploads\/2025\/01\/Screenshot-2025-01-22-at-16.45.50-650x650.png\" data-srcset=\"https:\/\/hidalgofestival.de\/wp-content\/uploads\/2025\/01\/Screenshot-2025-01-22-at-16.45.50-650x650.png 650w, https:\/\/hidalgofestival.de\/wp-content\/uploads\/2025\/01\/Screenshot-2025-01-22-at-16.45.50-150x150.png 150w, https:\/\/hidalgofestival.de\/wp-content\/uploads\/2025\/01\/Screenshot-2025-01-22-at-16.45.50-350x350.png 350w, https:\/\/hidalgofestival.de\/wp-content\/uploads\/2025\/01\/Screenshot-2025-01-22-at-16.45.50-85x85.png 85w\" data-sizes=\"(max-width: 650px) 100vw, 650px\" \/><\/div><\/div><\/div><div class=\"gt-col\"><div class=\"gt-inner\"><div class=\"gt-photo\"><a data-fancybox=\"gallery-82\" href=\"https:\/\/hidalgofestival.de\/wp-content\/uploads\/2025\/01\/Screenshot-2025-01-16-at-16.08.00.png\" data-srcset=\"https:\/\/hidalgofestival.de\/wp-content\/uploads\/2025\/01\/Screenshot-2025-01-16-at-16.08.00.png 1152w, https:\/\/hidalgofestival.de\/wp-content\/uploads\/2025\/01\/Screenshot-2025-01-16-at-16.08.00-300x199.png 300w, https:\/\/hidalgofestival.de\/wp-content\/uploads\/2025\/01\/Screenshot-2025-01-16-at-16.08.00-1024x679.png 1024w, https:\/\/hidalgofestival.de\/wp-content\/uploads\/2025\/01\/Screenshot-2025-01-16-at-16.08.00-768x509.png 768w\" data-caption=\"\"><\/a><img loading=\"lazy\" decoding=\"async\" width=\"650\" height=\"650\" src=\"data:image\/svg+xml,%3Csvg%20xmlns%3D%27http:\/\/www.w3.org\/2000\/svg%27%20viewBox%3D%270%200%203%202%27%3E%3C\/svg%3E\" class=\"attachment-eventchamp-thumbnail-2 size-eventchamp-thumbnail-2 gt-lazy-load\" alt=\"\" data-src=\"https:\/\/hidalgofestival.de\/wp-content\/uploads\/2025\/01\/Screenshot-2025-01-16-at-16.08.00-650x650.png\" data-srcset=\"https:\/\/hidalgofestival.de\/wp-content\/uploads\/2025\/01\/Screenshot-2025-01-16-at-16.08.00-650x650.png 650w, https:\/\/hidalgofestival.de\/wp-content\/uploads\/2025\/01\/Screenshot-2025-01-16-at-16.08.00-150x150.png 150w, https:\/\/hidalgofestival.de\/wp-content\/uploads\/2025\/01\/Screenshot-2025-01-16-at-16.08.00-350x350.png 350w, https:\/\/hidalgofestival.de\/wp-content\/uploads\/2025\/01\/Screenshot-2025-01-16-at-16.08.00-85x85.png 85w\" data-sizes=\"(max-width: 650px) 100vw, 650px\" \/><\/div><\/div><\/div><div class=\"gt-col\"><div class=\"gt-inner\"><div class=\"gt-photo\"><a data-fancybox=\"gallery-82\" href=\"https:\/\/hidalgofestival.de\/wp-content\/uploads\/2025\/01\/Screenshot-2025-01-22-at-16.48.08.png\" data-srcset=\"https:\/\/hidalgofestival.de\/wp-content\/uploads\/2025\/01\/Screenshot-2025-01-22-at-16.48.08.png 818w, https:\/\/hidalgofestival.de\/wp-content\/uploads\/2025\/01\/Screenshot-2025-01-22-at-16.48.08-300x300.png 300w, https:\/\/hidalgofestival.de\/wp-content\/uploads\/2025\/01\/Screenshot-2025-01-22-at-16.48.08-150x150.png 150w, https:\/\/hidalgofestival.de\/wp-content\/uploads\/2025\/01\/Screenshot-2025-01-22-at-16.48.08-768x764.png 768w, https:\/\/hidalgofestival.de\/wp-content\/uploads\/2025\/01\/Screenshot-2025-01-22-at-16.48.08-85x85.png 85w\" data-caption=\"\"><\/a><img loading=\"lazy\" decoding=\"async\" width=\"650\" height=\"650\" src=\"data:image\/svg+xml,%3Csvg%20xmlns%3D%27http:\/\/www.w3.org\/2000\/svg%27%20viewBox%3D%270%200%203%202%27%3E%3C\/svg%3E\" class=\"attachment-eventchamp-thumbnail-2 size-eventchamp-thumbnail-2 gt-lazy-load\" alt=\"\" data-src=\"https:\/\/hidalgofestival.de\/wp-content\/uploads\/2025\/01\/Screenshot-2025-01-22-at-16.48.08-650x650.png\" data-srcset=\"https:\/\/hidalgofestival.de\/wp-content\/uploads\/2025\/01\/Screenshot-2025-01-22-at-16.48.08-650x650.png 650w, https:\/\/hidalgofestival.de\/wp-content\/uploads\/2025\/01\/Screenshot-2025-01-22-at-16.48.08-300x300.png 300w, https:\/\/hidalgofestival.de\/wp-content\/uploads\/2025\/01\/Screenshot-2025-01-22-at-16.48.08-150x150.png 150w, https:\/\/hidalgofestival.de\/wp-content\/uploads\/2025\/01\/Screenshot-2025-01-22-at-16.48.08-350x350.png 350w, https:\/\/hidalgofestival.de\/wp-content\/uploads\/2025\/01\/Screenshot-2025-01-22-at-16.48.08-85x85.png 85w\" data-sizes=\"(max-width: 650px) 100vw, 650px\" \/><\/div><\/div><\/div><\/div><\/div>[vc_column_text]<\/p>\n<h3>Age group<\/h3>\n<p>Students from 5th-7th grade at all levels of secondary school (Gymnasien \/ Realschulen \/ Mittelschulen \/ F\u00f6rderschulen) in various Bavarian cities<\/p>\n<h3>Time frame per group<\/h3>\n<p>30h workshop units, bundled into 10-12 worshop sessions<br \/>\nPresentation after the end of the workshop sessions<br \/>\nJoint film screening with participants from the different cities<\/p>\n<h3>Costs<\/h3>\n<p>Small contribution from the schools<\/p>\n<h3>Registration &amp; Information<\/h3>\n<p>Our project manager Sophia Rieth is happy to tell teachers more about this and other projects: <a href=\"mailto:sophia.rieth@hidalgofestival.de\"><strong>sophia.rieth@hidalgofestival.de<\/strong><\/a>[\/vc_column_text][\/vc_column][\/vc_row][vc_row full_width=&#8221;stretch_row&#8221; full_height=&#8221;yes&#8221; background-position=&#8221;center-center&#8221; css=&#8221;.vc_custom_1736940892751{background-image: url(https:\/\/hidalgofestival.de\/wp-content\/uploads\/2025\/01\/Screenshot-2025-01-15-at-12.33.45.png?id=9362) !important;background-position: center !important;background-repeat: no-repeat !important;background-size: cover !important;}&#8221;][vc_column][\/vc_column][\/vc_row][vc_row disable_element=&#8221;yes&#8221;][vc_column][vc_column_text]<\/p>\n<h2>Projekt-Beteiligte<\/h2>\n<p>[\/vc_column_text][\/vc_column][\/vc_row][vc_row disable_element=&#8221;yes&#8221;][vc_column width=&#8221;1\/4&#8243;][vc_column_text]<\/p>\n<h4>PROJEKTLEITUNG<\/h4>\n<p>[\/vc_column_text]<div class=\"gt-categorized-contents gt-tab-panel\"><ul class=\"nav gt-nav gt-left\" role=\"tablist\"><li><a href=\"#categorized-speakers-werkstatt-kontakt-1\" aria-controls=\"categorized-speakers-werkstatt-kontakt\" role=\"tab\" data-toggle=\"tab\" class=\"active\">Werkstatt-Kontakt<\/a><\/li><\/ul><div class=\"tab-content\"><div role=\"tabpanel\" class=\"tab-pane fade active show\" id=\"categorized-speakers-werkstatt-kontakt-1\" aria-labelledby=\"categorized-speakers-werkstatt-kontakt\"><div class=\"gt-columns gt-column-1\"><div class=\"gt-col\"><div class=\"gt-inner\"><div class=\"gt-speaker gt-style-1\"><div class=\"gt-image\"><a href=\"https:\/\/hidalgofestival.de\/en\/speaker\/sophia-rieth\/\"><img loading=\"lazy\" decoding=\"async\" width=\"615\" height=\"640\" src=\"data:image\/svg+xml,%3Csvg%20xmlns%3D%27http:\/\/www.w3.org\/2000\/svg%27%20viewBox%3D%270%200%203%202%27%3E%3C\/svg%3E\" class=\"attachment-eventchamp-speaker size-eventchamp-speaker gt-lazy-load\" alt=\"\" data-src=\"https:\/\/hidalgofestival.de\/wp-content\/uploads\/2021\/03\/web__Rieth-.pngSophia_Ganzenmu\u0308ller-615x640.png\" \/><\/a><\/div><div class=\"gt-content\"><div class=\"gt-name\"><a href=\"https:\/\/hidalgofestival.de\/en\/speaker\/sophia-rieth\/\">Sophia Rieth<\/a><\/div><div class=\"gt-text\">Sophia Rieth studierte Elementare Musikp\u00e4dagogik und Instrumentalp\u00e4dagogik in Augsburg, Music Performance in Blockfl\u00f6te in Z\u00fcrich sowie Kultur- und Musikmanagement in M\u00fcnchen. Als Kreativkopf spielt sie Konzerte und arbeitet als Musikvermittlerin und Dozentin. Sie konzipiert unter anderem das von ihr mitbegr\u00fcndete Zeitfestival in Z\u00fcrich und Augsburg.<\/div><div class=\"gt-social-links\"><ul class=\"gt-social-links\"><li><a href=\"mailto:sophia.rieth@hidalgofestival.de\" target=\"_blank\"><i class=\"far fa-envelope\"><\/i><\/a><\/li><\/ul><\/div><\/div><\/div><\/div><\/div><\/div><\/div><\/div><\/div>[\/vc_column][vc_column width=&#8221;1\/4&#8243;][vc_column_text]<\/p>\n<h4>MUSIKVERMITTLUNG<\/h4>\n<p>[\/vc_column_text]<div class=\"gt-categorized-contents gt-tab-panel\"><ul class=\"nav gt-nav gt-left\" role=\"tablist\"><li><a href=\"#categorized-speakers-tdw-musikvermittlung-1\" aria-controls=\"categorized-speakers-tdw-musikvermittlung\" role=\"tab\" data-toggle=\"tab\" class=\"active\">TDW Musikvermittlung<\/a><\/li><\/ul><div class=\"tab-content\"><div role=\"tabpanel\" class=\"tab-pane fade active show\" id=\"categorized-speakers-tdw-musikvermittlung-1\" aria-labelledby=\"categorized-speakers-tdw-musikvermittlung\"><div class=\"gt-columns gt-column-1\"><div class=\"gt-col\"><div class=\"gt-inner\"><div class=\"gt-speaker gt-style-1\"><div class=\"gt-image\"><a href=\"https:\/\/hidalgofestival.de\/en\/speaker\/anna-sophia-krause\/\"><img loading=\"lazy\" decoding=\"async\" width=\"615\" height=\"640\" src=\"data:image\/svg+xml,%3Csvg%20xmlns%3D%27http:\/\/www.w3.org\/2000\/svg%27%20viewBox%3D%270%200%203%202%27%3E%3C\/svg%3E\" class=\"attachment-eventchamp-speaker size-eventchamp-speaker gt-lazy-load\" alt=\"\" data-src=\"https:\/\/hidalgofestival.de\/wp-content\/uploads\/2023\/11\/Krause-615x640.png\" \/><\/a><\/div><div class=\"gt-content\"><div class=\"gt-name\"><a href=\"https:\/\/hidalgofestival.de\/en\/speaker\/anna-sophia-krause\/\">Anna-Sophia Kraus<\/a><\/div><div class=\"gt-text\">Anna-Sophia Kraus studierte Schulmusik, Violine und Musikmanagement in M\u00fcnchen. In ihrer Masterarbeit forschte sie zu neuen Auff\u00fchrungsformen klassischer Konzerte. Sie ist als Musikvermittlerin am Staatstheater Augsburg ta\u0308tig, entwickelt als Community Musician mit Gruppen Performances und arbeitet als Lehrbeauftragte mit Studierenden.<\/div><\/div><\/div><\/div><\/div><\/div><\/div><\/div><\/div>[\/vc_column][vc_column width=&#8221;1\/4&#8243;][vc_column_text]<\/p>\n<h4>TANZP\u00c4DAGOGIK<\/h4>\n<p>[\/vc_column_text]<div class=\"gt-categorized-contents gt-tab-panel\"><ul class=\"nav gt-nav gt-left\" role=\"tablist\"><li><a href=\"#categorized-speakers-tanzpaedagogik-1\" aria-controls=\"categorized-speakers-tanzpaedagogik\" role=\"tab\" data-toggle=\"tab\" class=\"active\">TDW Tanzp\u00e4dagogik<\/a><\/li><\/ul><div class=\"tab-content\"><div role=\"tabpanel\" class=\"tab-pane fade active show\" id=\"categorized-speakers-tanzpaedagogik-1\" aria-labelledby=\"categorized-speakers-tanzpaedagogik\"><div class=\"gt-columns gt-column-1\"><div class=\"gt-col\"><div class=\"gt-inner\"><div class=\"gt-speaker gt-style-1\"><div class=\"gt-image\"><a href=\"https:\/\/hidalgofestival.de\/en\/speaker\/daniel-zaboj\/\"><img loading=\"lazy\" decoding=\"async\" width=\"615\" height=\"640\" src=\"data:image\/svg+xml,%3Csvg%20xmlns%3D%27http:\/\/www.w3.org\/2000\/svg%27%20viewBox%3D%270%200%203%202%27%3E%3C\/svg%3E\" class=\"attachment-eventchamp-speaker size-eventchamp-speaker gt-lazy-load\" alt=\"\" data-src=\"https:\/\/hidalgofestival.de\/wp-content\/uploads\/2023\/11\/Daniel-Za\u0301boj-1-615x640.png\" \/><\/a><\/div><div class=\"gt-content\"><div class=\"gt-name\"><a href=\"https:\/\/hidalgofestival.de\/en\/speaker\/daniel-zaboj\/\">Daniel Zaboj<\/a><\/div><div class=\"gt-text\">Der tschechischer T\u00e4nzer Daniel Z\u00e1boj war engagiert in Linz, Bern und Augsburg, in letzter Station war er auch Assistent des Ballettdirektors Robert Conn. Er ist ausgezeichnet mit dem Augsburger Theaterpreis und war Finalist bei internationalen Wettbewerben. Als Choreograph und Tanzp\u00e4dagoge erhielt er unter 2007 den Bayerischen Kunstf\u00f6rderpreis. Er entwirft, choreographiert und komponiert auch eigene St\u00fccke und unterrichtet in Augsburg.<\/div><\/div><\/div><\/div><\/div><\/div><\/div><\/div><\/div>[\/vc_column][vc_column width=&#8221;1\/4&#8243;][vc_column_text]<\/p>\n<h4>MUSIK<\/h4>\n<p>[\/vc_column_text]<div class=\"gt-categorized-contents gt-tab-panel\"><ul class=\"nav gt-nav gt-left\" role=\"tablist\"><li><a href=\"#categorized-speakers-tdw-dramaturgie-1\" aria-controls=\"categorized-speakers-tdw-dramaturgie\" role=\"tab\" data-toggle=\"tab\" class=\"active\">TDW Dramaturgie<\/a><\/li><\/ul><div class=\"tab-content\"><div role=\"tabpanel\" class=\"tab-pane fade active show\" id=\"categorized-speakers-tdw-dramaturgie-1\" aria-labelledby=\"categorized-speakers-tdw-dramaturgie\"><div class=\"gt-columns gt-column-1\"><div class=\"gt-col\"><div class=\"gt-inner\"><div class=\"gt-speaker gt-style-1\"><div class=\"gt-image\"><a href=\"https:\/\/hidalgofestival.de\/en\/speaker\/imbrothersation\/\"><img loading=\"lazy\" decoding=\"async\" width=\"615\" height=\"640\" src=\"data:image\/svg+xml,%3Csvg%20xmlns%3D%27http:\/\/www.w3.org\/2000\/svg%27%20viewBox%3D%270%200%203%202%27%3E%3C\/svg%3E\" class=\"attachment-eventchamp-speaker size-eventchamp-speaker gt-lazy-load\" alt=\"\" data-src=\"https:\/\/hidalgofestival.de\/wp-content\/uploads\/2024\/06\/Imbrothersation-Beide-2__FSR_9195-scaled-e1717687145932-615x640.jpg\" \/><\/a><\/div><div class=\"gt-content\"><div class=\"gt-name\"><a href=\"https:\/\/hidalgofestival.de\/en\/speaker\/imbrothersation\/\">Imbrothersation<\/a><\/div><div class=\"gt-text\">Imbrothersation ist keine Band, keine Stilistik, kein Mutationsfehler\u2026 Es ist ein ansteckender Geisteszustand zwischen melodischem Wahnwitz und rhythmischer Ekstase, ist Jazz \u2013 Klassik \u2013 Tango, ist Improvisation und Publikumsoper. Die Br\u00fcder Gregor und Raphael Mayrhofer lieben die Ungewissheit der Improvisation, den Reiz des Augenblicks, in dem man nicht genau wei\u00df, was als n\u00e4chstes entsteht, wie der Andere reagiert.<\/div><\/div><\/div><\/div><\/div><\/div><\/div><\/div><\/div>[\/vc_column][\/vc_row][vc_row disable_element=&#8221;yes&#8221; css=&#8221;.vc_custom_1736935928279{margin-top: 30px !important;}&#8221;][vc_column width=&#8221;1\/2&#8243;][vc_column_text]<\/p>\n<h4>TANZ<\/h4>\n<p>[\/vc_column_text][vc_column_text]2 Tanzsch\u00fcler*innen einer Ausbildungsklasse[\/vc_column_text][\/vc_column][vc_column width=&#8221;1\/2&#8243;][\/vc_column][\/vc_row][vc_row css=&#8221;.vc_custom_1699370097330{margin-top: 30px !important;}&#8221;][vc_column][vc_column_text]<\/p>\n<h3 style=\"text-align: center;\">A PROJECT OF THE <a href=\"https:\/\/hidalgofestival.de\/en\/workshop\/\"><strong>HIDALGO WERKSTATT<\/strong><\/a><\/h3>\n<p>[\/vc_column_text]<div class=\"gt-event-sponsors gt-type-1 gt-style-4\"><div class=\"gt-columns gt-column-space-0 gt-column-1\"><div class=\"gt-col\"><div class=\"gt-inner\"><div class=\"gt-logo\"><img data-src=\"https:\/\/hidalgofestival.de\/wp-content\/uploads\/2023\/11\/STMBW_Logo_Kulturfonds_Bildung_RZ-1-250x220.jpg\" class=\"gt-grayscale-false gt-lazy-load\" alt=\"\"><\/div><\/div><\/div><\/div><\/div>[vc_column_text]<\/p>\n<h3 style=\"text-align: center;\">Supported by the Kulturfonds Bayern \u2013 Bildung<\/h3>\n<p>[\/vc_column_text][\/vc_column][\/vc_row]<\/p>\n","protected":false},"excerpt":{"rendered":"<p>[vc_row full_width=&#8221;stretch_row&#8221; full_height=&#8221;yes&#8221; columns_placement=&#8221;top&#8221; content_placement=&#8221;bottom&#8221; background-position=&#8221;center-center&#8221; css=&#8221;.vc_custom_1736940698733{margin-bottom: 50px !important;background-image: url(https:\/\/hidalgofestival.de\/wp-content\/uploads\/2025\/01\/Screenshot-2025-01-15-at-12.01.28.png?id=9339) !important;background-position: center !important;background-repeat: no-repeat !important;background-size: cover !important;}&#8221;][vc_column][vc_row_inner css=&#8221;.vc_custom_1699042318924{padding-top: 30px !important;}&#8221;][vc_column_inner][\/vc_column_inner][\/vc_row_inner][\/vc_column][\/vc_row][vc_row full_height=&#8221;yes&#8221; css=&#8221;.vc_custom_1699040277994{margin-top: 50px !important;margin-bottom: 20px !important;}&#8221; el_class=&#8221;narrow&#8221;][vc_column][vc_column_text] KLANG DER STADT \u2013 HIDALGO Werkstatt WORKSHOP AND FILM WITH PRESENTATION What does&#8230;<\/p>\n","protected":false},"author":9,"featured_media":0,"parent":7770,"menu_order":14,"comment_status":"closed","ping_status":"closed","template":"","meta":{"footnotes":""},"class_list":["post-9642","page","type-page","status-publish","hentry"],"yoast_head":"<!-- This site is optimized with the Yoast SEO plugin v27.2 - https:\/\/yoast.com\/product\/yoast-seo-wordpress\/ -->\n<title>KLANG DER STADT \u2013 HIDALGO Werkstatt<\/title>\n<meta name=\"description\" content=\"In the HIDALGO Werkstatt format, students collect audio and video material for the production of a film that shows their city.\" \/>\n<meta name=\"robots\" content=\"index, follow, max-snippet:-1, max-image-preview:large, max-video-preview:-1\" \/>\n<link rel=\"canonical\" href=\"https:\/\/hidalgofestival.de\/en\/workshop\/klang-der-stadt\/\" \/>\n<meta property=\"og:locale\" content=\"en_US\" \/>\n<meta property=\"og:type\" content=\"article\" \/>\n<meta property=\"og:title\" content=\"KLANG DER STADT \u2013 HIDALGO Werkstatt\" \/>\n<meta property=\"og:description\" content=\"In the HIDALGO Werkstatt format, students collect audio and video material for the production of a film that shows their city.\" \/>\n<meta property=\"og:url\" content=\"https:\/\/hidalgofestival.de\/en\/workshop\/klang-der-stadt\/\" \/>\n<meta property=\"og:site_name\" content=\"HIDALGO\" \/>\n<meta property=\"article:modified_time\" content=\"2025-01-30T09:28:52+00:00\" \/>\n<meta name=\"twitter:card\" content=\"summary_large_image\" \/>\n<meta name=\"twitter:label1\" content=\"Est. reading time\" \/>\n\t<meta name=\"twitter:data1\" content=\"3 minutes\" \/>\n<script type=\"application\/ld+json\" class=\"yoast-schema-graph\">{\"@context\":\"https:\/\/schema.org\",\"@graph\":[{\"@type\":\"WebPage\",\"@id\":\"https:\/\/hidalgofestival.de\/en\/workshop\/klang-der-stadt\/\",\"url\":\"https:\/\/hidalgofestival.de\/en\/workshop\/klang-der-stadt\/\",\"name\":\"KLANG DER STADT \u2013 HIDALGO Werkstatt\",\"isPartOf\":{\"@id\":\"https:\/\/hidalgofestival.de\/en\/#website\"},\"datePublished\":\"2025-01-15T12:44:21+00:00\",\"dateModified\":\"2025-01-30T09:28:52+00:00\",\"description\":\"In the HIDALGO Werkstatt format, students collect audio and video material for the production of a film that shows their city.\",\"breadcrumb\":{\"@id\":\"https:\/\/hidalgofestival.de\/en\/workshop\/klang-der-stadt\/#breadcrumb\"},\"inLanguage\":\"en-US\",\"potentialAction\":[{\"@type\":\"ReadAction\",\"target\":[\"https:\/\/hidalgofestival.de\/en\/workshop\/klang-der-stadt\/\"]}]},{\"@type\":\"BreadcrumbList\",\"@id\":\"https:\/\/hidalgofestival.de\/en\/workshop\/klang-der-stadt\/#breadcrumb\",\"itemListElement\":[{\"@type\":\"ListItem\",\"position\":1,\"name\":\"Startseite\",\"item\":\"https:\/\/hidalgofestival.de\/en\/beispiel-seite\/\"},{\"@type\":\"ListItem\",\"position\":2,\"name\":\"Werkstatt\",\"item\":\"https:\/\/hidalgofestival.de\/en\/workshop\/\"},{\"@type\":\"ListItem\",\"position\":3,\"name\":\"Klang der Stadt\"}]},{\"@type\":\"WebSite\",\"@id\":\"https:\/\/hidalgofestival.de\/en\/#website\",\"url\":\"https:\/\/hidalgofestival.de\/en\/\",\"name\":\"HIDALGO\",\"description\":\"Festival f\u00fcr Junge Klassik\",\"potentialAction\":[{\"@type\":\"SearchAction\",\"target\":{\"@type\":\"EntryPoint\",\"urlTemplate\":\"https:\/\/hidalgofestival.de\/en\/?s={search_term_string}\"},\"query-input\":{\"@type\":\"PropertyValueSpecification\",\"valueRequired\":true,\"valueName\":\"search_term_string\"}}],\"inLanguage\":\"en-US\"}]}<\/script>\n<!-- \/ Yoast SEO plugin. -->","yoast_head_json":{"title":"KLANG DER STADT \u2013 HIDALGO Werkstatt","description":"In the HIDALGO Werkstatt format, students collect audio and video material for the production of a film that shows their city.","robots":{"index":"index","follow":"follow","max-snippet":"max-snippet:-1","max-image-preview":"max-image-preview:large","max-video-preview":"max-video-preview:-1"},"canonical":"https:\/\/hidalgofestival.de\/en\/workshop\/klang-der-stadt\/","og_locale":"en_US","og_type":"article","og_title":"KLANG DER STADT \u2013 HIDALGO Werkstatt","og_description":"In the HIDALGO Werkstatt format, students collect audio and video material for the production of a film that shows their city.","og_url":"https:\/\/hidalgofestival.de\/en\/workshop\/klang-der-stadt\/","og_site_name":"HIDALGO","article_modified_time":"2025-01-30T09:28:52+00:00","twitter_card":"summary_large_image","twitter_misc":{"Est. reading time":"3 minutes"},"schema":{"@context":"https:\/\/schema.org","@graph":[{"@type":"WebPage","@id":"https:\/\/hidalgofestival.de\/en\/workshop\/klang-der-stadt\/","url":"https:\/\/hidalgofestival.de\/en\/workshop\/klang-der-stadt\/","name":"KLANG DER STADT \u2013 HIDALGO Werkstatt","isPartOf":{"@id":"https:\/\/hidalgofestival.de\/en\/#website"},"datePublished":"2025-01-15T12:44:21+00:00","dateModified":"2025-01-30T09:28:52+00:00","description":"In the HIDALGO Werkstatt format, students collect audio and video material for the production of a film that shows their city.","breadcrumb":{"@id":"https:\/\/hidalgofestival.de\/en\/workshop\/klang-der-stadt\/#breadcrumb"},"inLanguage":"en-US","potentialAction":[{"@type":"ReadAction","target":["https:\/\/hidalgofestival.de\/en\/workshop\/klang-der-stadt\/"]}]},{"@type":"BreadcrumbList","@id":"https:\/\/hidalgofestival.de\/en\/workshop\/klang-der-stadt\/#breadcrumb","itemListElement":[{"@type":"ListItem","position":1,"name":"Startseite","item":"https:\/\/hidalgofestival.de\/en\/beispiel-seite\/"},{"@type":"ListItem","position":2,"name":"Werkstatt","item":"https:\/\/hidalgofestival.de\/en\/workshop\/"},{"@type":"ListItem","position":3,"name":"Klang der Stadt"}]},{"@type":"WebSite","@id":"https:\/\/hidalgofestival.de\/en\/#website","url":"https:\/\/hidalgofestival.de\/en\/","name":"HIDALGO","description":"Festival f\u00fcr Junge Klassik","potentialAction":[{"@type":"SearchAction","target":{"@type":"EntryPoint","urlTemplate":"https:\/\/hidalgofestival.de\/en\/?s={search_term_string}"},"query-input":{"@type":"PropertyValueSpecification","valueRequired":true,"valueName":"search_term_string"}}],"inLanguage":"en-US"}]}},"_links":{"self":[{"href":"https:\/\/hidalgofestival.de\/en\/wp-json\/wp\/v2\/pages\/9642","targetHints":{"allow":["GET"]}}],"collection":[{"href":"https:\/\/hidalgofestival.de\/en\/wp-json\/wp\/v2\/pages"}],"about":[{"href":"https:\/\/hidalgofestival.de\/en\/wp-json\/wp\/v2\/types\/page"}],"author":[{"embeddable":true,"href":"https:\/\/hidalgofestival.de\/en\/wp-json\/wp\/v2\/users\/9"}],"replies":[{"embeddable":true,"href":"https:\/\/hidalgofestival.de\/en\/wp-json\/wp\/v2\/comments?post=9642"}],"version-history":[{"count":3,"href":"https:\/\/hidalgofestival.de\/en\/wp-json\/wp\/v2\/pages\/9642\/revisions"}],"predecessor-version":[{"id":9780,"href":"https:\/\/hidalgofestival.de\/en\/wp-json\/wp\/v2\/pages\/9642\/revisions\/9780"}],"up":[{"embeddable":true,"href":"https:\/\/hidalgofestival.de\/en\/wp-json\/wp\/v2\/pages\/7770"}],"wp:attachment":[{"href":"https:\/\/hidalgofestival.de\/en\/wp-json\/wp\/v2\/media?parent=9642"}],"curies":[{"name":"wp","href":"https:\/\/api.w.org\/{rel}","templated":true}]}}