{"id":8121,"date":"2020-08-19T20:41:59","date_gmt":"2020-08-19T18:41:59","guid":{"rendered":"https:\/\/hidalgofestival.de\/home\/"},"modified":"2025-12-04T12:06:44","modified_gmt":"2025-12-04T11:06:44","slug":"beispiel-seite","status":"publish","type":"page","link":"https:\/\/hidalgofestival.de\/en\/","title":{"rendered":"Home"},"content":{"rendered":"<p>[vc_section][vc_row full_height=&#8221;yes&#8221;][vc_column]\n\t\t\t<!-- START HIDALGO Extra REVOLUTION SLIDER 6.2.4 --><p class=\"rs-p-wp-fix\"><\/p>\n\t\t\t<rs-module-wrap id=\"rev_slider_2_1_wrapper\" data-source=\"gallery\" style=\"background:transparent;padding:0;\">\n\t\t\t\t<rs-module id=\"rev_slider_2_1\" style=\"\" data-version=\"6.2.4\">\n\t\t\t\t\t<rs-slides>\n\t\t\t\t\t\t<rs-slide data-key=\"rs-3\" data-title=\"Slide\" data-anim=\"ei:d;eo:d;s:1000;r:0;t:fade;sl:0;\" data-mediafilter=\"inkwell\">\n\t\t\t\t\t\t\t<img loading=\"lazy\" decoding=\"async\" src=\"\/\/hidalgofestival.de\/wp-content\/uploads\/2020\/08\/Hidalgo18_Motiv_2-1024x683-1.jpg\" title=\"Portrait of single bearded handsome young caucasian man\" width=\"1024\" height=\"683\" class=\"rev-slidebg\" data-no-retina>\n\t\t\t\t\t\t\t<rs-bgvideo \n\t\t\t\t\t\t\t\tdata-video=\"w:100%;h:100%;nse:false;l:true;ptimer:false;\"\n\t\t\t\t\t\t\t\tdata-mp4=\"\/\/hidalgofestival.de\/wp-content\/uploads\/2020\/08\/hidalgo.mp4\"\n\t\t\t\t\t\t\t><\/rs-bgvideo>\n<!--\n\t\t\t\t\t\t\t--><rs-layer\n\t\t\t\t\t\t\t\tid=\"slider-2-slide-3-layer-0\" \n\t\t\t\t\t\t\t\tdata-type=\"text\"\n\t\t\t\t\t\t\t\tdata-color=\"#ffffff\"\n\t\t\t\t\t\t\t\tdata-rsp_ch=\"on\"\n\t\t\t\t\t\t\t\tdata-xy=\"x:c;y:c;yo:157px;\"\n\t\t\t\t\t\t\t\tdata-text=\"w:normal;s:55;l:70;ls:8px;a:center;\"\n\t\t\t\t\t\t\t\tdata-dim=\"w:1161;\"\n\t\t\t\t\t\t\t\tdata-frame_999=\"o:0;st:w;\"\n\t\t\t\t\t\t\t\tstyle=\"z-index:9;font-family:Josefin Sans;text-transform:uppercase;\"\n\t\t\t\t\t\t\t>Junge Klassik \n\t\t\t\t\t\t\t<\/rs-layer><!--\n\n\t\t\t\t\t\t\t--><rs-layer\n\t\t\t\t\t\t\t\tid=\"slider-2-slide-3-layer-1\" \n\t\t\t\t\t\t\t\tdata-type=\"image\"\n\t\t\t\t\t\t\t\tdata-rsp_ch=\"on\"\n\t\t\t\t\t\t\t\tdata-xy=\"x:c;y:c;\"\n\t\t\t\t\t\t\t\tdata-text=\"w:normal;\"\n\t\t\t\t\t\t\t\tdata-dim=\"w:820px;h:151px;\"\n\t\t\t\t\t\t\t\tdata-frame_999=\"o:0;st:w;\"\n\t\t\t\t\t\t\t\tstyle=\"z-index:10;\"\n\t\t\t\t\t\t\t><img loading=\"lazy\" decoding=\"async\" src=\"\/\/hidalgofestival.de\/wp-content\/uploads\/2020\/08\/HDLG_CI2_Typo_WHT@2x.png\" width=\"1201\" height=\"221\" data-no-retina> \n\t\t\t\t\t\t\t<\/rs-layer><!--\n\n\t\t\t\t\t\t\t--><rs-layer\n\t\t\t\t\t\t\t\tid=\"slider-2-slide-3-layer-2\" \n\t\t\t\t\t\t\t\tdata-type=\"shape\"\n\t\t\t\t\t\t\t\tdata-rsp_ch=\"on\"\n\t\t\t\t\t\t\t\tdata-text=\"w:normal;\"\n\t\t\t\t\t\t\t\tdata-dim=\"w:100%;h:100%;\"\n\t\t\t\t\t\t\t\tdata-basealign=\"slide\"\n\t\t\t\t\t\t\t\tdata-frame_999=\"o:0;st:w;\"\n\t\t\t\t\t\t\t\tstyle=\"z-index:8;background-color:rgba(0,0,0,0.5);\"\n\t\t\t\t\t\t\t> \n\t\t\t\t\t\t\t<\/rs-layer><!--\n-->\t\t\t\t\t\t<\/rs-slide>\n\t\t\t\t\t<\/rs-slides>\n\t\t\t\t\t<rs-progress class=\"rs-bottom\" style=\"visibility: hidden !important;\"><\/rs-progress>\n\t\t\t\t<\/rs-module>\n\t\t\t\t<script type=\"text\/javascript\">\n\t\t\t\t\tsetREVStartSize({c: 'rev_slider_2_1',rl:[1240,1024,778,480],el:[900],gw:[1240],gh:[900],type:'hero',justify:'',layout:'fullscreen',offsetContainer:'',offset:'',mh:\"0\"});\n\t\t\t\t\tvar\trevapi2,\n\t\t\t\t\t\ttpj;\n\t\t\t\t\tjQuery(function() {\n\t\t\t\t\t\ttpj = jQuery;\n\t\t\t\t\t\trevapi2 = tpj(\"#rev_slider_2_1\")\n\t\t\t\t\t\tif(revapi2==undefined || revapi2.revolution == undefined){\n\t\t\t\t\t\t\trevslider_showDoubleJqueryError(\"rev_slider_2_1\");\n\t\t\t\t\t\t}else{\n\t\t\t\t\t\t\trevapi2.revolution({\n\t\t\t\t\t\t\t\tsliderType:\"hero\",\n\t\t\t\t\t\t\t\tsliderLayout:\"fullscreen\",\n\t\t\t\t\t\t\t\tvisibilityLevels:\"1240,1024,778,480\",\n\t\t\t\t\t\t\t\tgridwidth:1240,\n\t\t\t\t\t\t\t\tgridheight:900,\n\t\t\t\t\t\t\t\tspinner:\"spinner8\",\n\t\t\t\t\t\t\t\tperspective:600,\n\t\t\t\t\t\t\t\tperspectiveType:\"global\",\n\t\t\t\t\t\t\t\tspinnerclr:\"#dd3333\",\n\t\t\t\t\t\t\t\teditorheight:\"900,768,960,720\",\n\t\t\t\t\t\t\t\tresponsiveLevels:\"1240,1024,778,480\",\n\t\t\t\t\t\t\t\tdisableProgressBar:\"on\",\n\t\t\t\t\t\t\t\tnavigation: {\n\t\t\t\t\t\t\t\t\tonHoverStop:false\n\t\t\t\t\t\t\t\t},\n\t\t\t\t\t\t\t\tfallbacks: {\n\t\t\t\t\t\t\t\t\tallowHTML5AutoPlayOnAndroid:true\n\t\t\t\t\t\t\t\t},\n\t\t\t\t\t\t\t});\n\t\t\t\t\t\t}\n\t\t\t\t\t\t\n\t\t\t\t\t});\n\t\t\t\t<\/script>\n\t\t\t<\/rs-module-wrap>\n\t\t\t<!-- END REVOLUTION SLIDER -->\n[\/vc_column][\/vc_row][vc_row full_width=&#8221;stretch_row&#8221; full_height=&#8221;yes&#8221; columns_placement=&#8221;bottom&#8221; content_placement=&#8221;top&#8221; disable_element=&#8221;yes&#8221; background-position=&#8221;center-center&#8221; css=&#8221;.vc_custom_1764846305021{background: #629bb6 url(https:\/\/hidalgofestival.de\/wp-content\/uploads\/2024\/10\/hidalgo24-diner-photo-max-ott-632-scaled.jpeg?id=9137) !important;background-position: center !important;background-repeat: no-repeat !important;background-size: cover !important;}&#8221;][vc_column][vc_column_text]<\/p>\n<h2 style=\"text-align: center;\">Thank you for a fantastic Festival 2024!<\/h2>\n<p>[\/vc_column_text][\/vc_column][\/vc_row][vc_row full_width=&#8221;stretch_row&#8221; full_height=&#8221;yes&#8221; columns_placement=&#8221;bottom&#8221; content_placement=&#8221;top&#8221; disable_element=&#8221;yes&#8221; background-position=&#8221;center-center&#8221; background-attachment=&#8221;fixed&#8221; css=&#8221;.vc_custom_1729847771427{background: #629bb6 url(https:\/\/hidalgofestival.de\/wp-content\/uploads\/2021\/06\/hidalgo-Bahnsalon-foto-Max-Ott-0699-scaled.jpg?id=2628) !important;background-position: center !important;background-repeat: no-repeat !important;background-size: cover !important;}&#8221;][vc_column][vc_column_text]<\/p>\n<h2><a href=\"https:\/\/www.elbphilharmonie.de\/de\/programm\/confessions\/22686\">MI &gt; 6.11.<\/a><br \/>\n<a href=\"https:\/\/www.elbphilharmonie.de\/de\/programm\/confessions\/22686\">Elbphilharmonie Plus, Hamburg<\/a><\/h2>\n<h1><strong><a href=\"https:\/\/www.elbphilharmonie.de\/de\/programm\/confessions\/22686\">&gt; CONFESSIONS &lt;<\/a><\/strong><\/h1>\n<p>[\/vc_column_text][\/vc_column][\/vc_row][vc_row full_width=&#8221;stretch_row&#8221; content_placement=&#8221;top&#8221; disable_element=&#8221;yes&#8221; background-position=&#8221;left-center&#8221; background-attachment=&#8221;fixed&#8221; css=&#8221;.vc_custom_1713266604771{background-image: url(https:\/\/hidalgofestival.de\/wp-content\/uploads\/2020\/08\/Hidalgo-@-MMA-029-scaled.jpg?id=137) !important;}&#8221;][vc_column width=&#8221;1\/2&#8243;][vc_column_text]<\/p>\n<h1 style=\"text-align: left;\">Mission<\/h1>\n<p>[\/vc_column_text][\/vc_column][vc_column width=&#8221;1\/2&#8243;][vc_column_text css=&#8221;.vc_custom_1653494757381{background-position: center !important;background-repeat: no-repeat !important;background-size: contain !important;}&#8221;]<\/p>\n<h3 style=\"text-align: left;\">Der HIDALGO ist M\u00fcnchens spannendstes Klassik-Start-Up. Er verbindet paradoxe Welten zu intensiven, rauschhaften Erlebnissen. Daf\u00fcr k\u00e4mpft das <a href=\"https:\/\/hidalgofestival.de\/ueber-hidalgo\/menschen\/\">interdisziplin\u00e4re Team<\/a> seit 2016 mit Leidenschaft und h\u00f6chstem Anspruch. Klassische Musik versteht der HIDALGO als aktuelle Ausdrucksform. Dazu produziert er <a href=\"https:\/\/hidalgofestival.de\/produktion\/\">innovative Konzertformate<\/a> und veranstaltet das j\u00e4hrliche <a href=\"https:\/\/hidalgofestival.de\/festival\/\">HIDALGO Festival f\u00fcr junge Klassik<\/a>. Er entwirft Video-Installationen, beauftragt Sound-Design und konfrontiert romantische Dichtung mit moderner Lyrik. Erlaubt ist, was sich zu etwas Gr\u00f6\u00dferem zusammenf\u00fcgt<\/h3>\n<p>[\/vc_column_text][\/vc_column][\/vc_row][vc_row full_width=&#8221;stretch_row&#8221; full_height=&#8221;yes&#8221; content_placement=&#8221;top&#8221; background-attachment=&#8221;fixed&#8221; css=&#8221;.vc_custom_1699037672676{background-image: url(https:\/\/hidalgofestival.de\/wp-content\/uploads\/2020\/08\/Hidalgo-@-MMA-029-scaled.jpg?id=137) !important;}&#8221;][vc_column width=&#8221;1\/2&#8243;][vc_column_text css=&#8221;.vc_custom_1737550441089{background-position: center !important;background-repeat: no-repeat !important;background-size: contain !important;}&#8221;]<\/p>\n<h2 style=\"text-align: left;\">The HIDALGO searches for friction and breaks. It connects worlds that don&#8217;t seem to fit together. Ideally, it finds something greater: profound experiences of classical music.<\/h2>\n<p>[\/vc_column_text][\/vc_column][vc_column width=&#8221;1\/2&#8243;][\/vc_column][\/vc_row][vc_row full_width=&#8221;stretch_row&#8221; full_height=&#8221;yes&#8221; content_placement=&#8221;top&#8221; background-position=&#8221;center-center&#8221; background-attachment=&#8221;fixed&#8221; css=&#8221;.vc_custom_1699087117960{background-image: url(https:\/\/hidalgofestival.de\/wp-content\/uploads\/2023\/11\/loop-of-love-max-ott0775.jpeg?id=6362) !important;}&#8221;][vc_column width=&#8221;1\/2&#8243;][\/vc_column][vc_column width=&#8221;1\/2&#8243;][vc_column_text css=&#8221;.vc_custom_1737550737856{background-position: center !important;background-repeat: no-repeat !important;background-size: contain !important;}&#8221;]<\/p>\n<h2 style=\"text-align: left;\">It all started with our <a href=\"https:\/\/hidalgofestival.de\/en\/festival-for-young-classical-music\/\"><strong>Festival<\/strong><\/a> in Munich. Then we formed our <a href=\"https:\/\/hidalgofestival.de\/en\/collective\/\"><strong>Kollektiv<\/strong><\/a>, which also develops formats outside the festival. And in our new project <a href=\"https:\/\/hidalgofestival.de\/en\/workshop\/\"><strong>Werkstatt<\/strong><\/a><strong>, we invite everyone to participate<\/strong><\/h2>\n<p>[\/vc_column_text][\/vc_column][\/vc_row][vc_row full_width=&#8221;stretch_row&#8221; full_height=&#8221;yes&#8221; content_placement=&#8221;top&#8221; background-position=&#8221;top-center&#8221; background-attachment=&#8221;fixed&#8221; css=&#8221;.vc_custom_1699089211472{background-image: url(https:\/\/hidalgofestival.de\/wp-content\/uploads\/2021\/06\/fuck-up-night-probe05-21-1137-1.jpeg?id=2894) !important;}&#8221;][vc_column width=&#8221;1\/2&#8243;][vc_column_text css=&#8221;.vc_custom_1737551067729{background-position: center !important;background-repeat: no-repeat !important;background-size: contain !important;}&#8221;]<\/p>\n<h2 style=\"text-align: left;\">We are a format forge. A fusion-laboratory with all disciplines on the shelf. An expedition ship. A <strong><a href=\"https:\/\/hidalgofestival.de\/kosmos\/\">Classical start-up<\/a><\/strong> with lots of <strong><a href=\"https:\/\/hidalgofestival.de\/engagement\/\">support<\/a><\/strong>. A house without a house. A team with passion. A free spirit. An adventure.<\/h2>\n<p>[\/vc_column_text][\/vc_column][vc_column width=&#8221;1\/2&#8243;][\/vc_column][\/vc_row][\/vc_section][vc_row full_width=&#8221;stretch_row&#8221; css_animation=&#8221;none&#8221; css=&#8221;.vc_custom_1621347149840{padding-top: 0px !important;padding-bottom: 40px !important;}&#8221;][vc_column][vc_row_inner css=&#8221;.vc_custom_1699089949491{margin-top: 80px !important;}&#8221;][vc_column_inner][vc_gallery type=&#8221;image_grid&#8221; images=&#8221;6802,6801,6670,6805,6822,6755,6828,6826,6804,6753,6819,6756,6751,6821,6669,6825,6827,6818,6823,6820&#8243; img_size=&#8221;300&#215;300&#8243;][\/vc_column_inner][\/vc_row_inner][\/vc_column][\/vc_row]<\/p>\n","protected":false},"excerpt":{"rendered":"<p>[vc_section][vc_row full_height=&#8221;yes&#8221;][vc_column][\/vc_column][\/vc_row][vc_row full_width=&#8221;stretch_row&#8221; full_height=&#8221;yes&#8221; columns_placement=&#8221;bottom&#8221; content_placement=&#8221;top&#8221; disable_element=&#8221;yes&#8221; background-position=&#8221;center-center&#8221; css=&#8221;.vc_custom_1764846305021{background: #629bb6 url(https:\/\/hidalgofestival.de\/wp-content\/uploads\/2024\/10\/hidalgo24-diner-photo-max-ott-632-scaled.jpeg?id=9137) !important;background-position: center !important;background-repeat: no-repeat !important;background-size: cover !important;}&#8221;][vc_column][vc_column_text] Thank you for a fantastic Festival 2024! [\/vc_column_text][\/vc_column][\/vc_row][vc_row full_width=&#8221;stretch_row&#8221; full_height=&#8221;yes&#8221; columns_placement=&#8221;bottom&#8221; content_placement=&#8221;top&#8221; disable_element=&#8221;yes&#8221; background-position=&#8221;center-center&#8221; background-attachment=&#8221;fixed&#8221; css=&#8221;.vc_custom_1729847771427{background: #629bb6 url(https:\/\/hidalgofestival.de\/wp-content\/uploads\/2021\/06\/hidalgo-Bahnsalon-foto-Max-Ott-0699-scaled.jpg?id=2628) !important;background-position: center !important;background-repeat: no-repeat&#8230;<\/p>\n","protected":false},"author":1,"featured_media":0,"parent":0,"menu_order":31,"comment_status":"closed","ping_status":"open","template":"","meta":{"footnotes":""},"class_list":["post-8121","page","type-page","status-publish","hentry"],"yoast_head":"<!-- This site is optimized with the Yoast SEO plugin v27.2 - https:\/\/yoast.com\/product\/yoast-seo-wordpress\/ -->\n<title>HIDALGO Festival \u2013 paradoxical worlds and classical music<\/title>\n<meta name=\"description\" content=\"HIDALGO is Munich&#039;s most exciting classical music start-up. Its team combines paradoxical worlds to create intense, exhilarating musical experiences.\" \/>\n<meta name=\"robots\" content=\"index, follow, max-snippet:-1, max-image-preview:large, max-video-preview:-1\" \/>\n<link rel=\"canonical\" href=\"https:\/\/hidalgofestival.de\/en\/\" \/>\n<meta property=\"og:locale\" content=\"en_US\" \/>\n<meta property=\"og:type\" content=\"article\" \/>\n<meta property=\"og:title\" content=\"HIDALGO Festival \u2013 paradoxical worlds and classical music\" \/>\n<meta property=\"og:description\" content=\"HIDALGO is Munich&#039;s most exciting classical music start-up. Its team combines paradoxical worlds to create intense, exhilarating musical experiences.\" \/>\n<meta property=\"og:url\" content=\"https:\/\/hidalgofestival.de\/en\/\" \/>\n<meta property=\"og:site_name\" content=\"HIDALGO\" \/>\n<meta property=\"article:modified_time\" content=\"2025-12-04T11:06:44+00:00\" \/>\n<meta name=\"twitter:card\" content=\"summary_large_image\" \/>\n<meta name=\"twitter:label1\" content=\"Est. reading time\" \/>\n\t<meta name=\"twitter:data1\" content=\"2 minutes\" \/>\n<script type=\"application\/ld+json\" class=\"yoast-schema-graph\">{\"@context\":\"https:\/\/schema.org\",\"@graph\":[{\"@type\":\"WebPage\",\"@id\":\"https:\/\/hidalgofestival.de\/en\/\",\"url\":\"https:\/\/hidalgofestival.de\/en\/\",\"name\":\"HIDALGO Festival \u2013 paradoxical worlds and classical music\",\"isPartOf\":{\"@id\":\"https:\/\/hidalgofestival.de\/en\/#website\"},\"datePublished\":\"2020-08-19T18:41:59+00:00\",\"dateModified\":\"2025-12-04T11:06:44+00:00\",\"description\":\"HIDALGO is Munich's most exciting classical music start-up. Its team combines paradoxical worlds to create intense, exhilarating musical experiences.\",\"breadcrumb\":{\"@id\":\"https:\/\/hidalgofestival.de\/en\/#breadcrumb\"},\"inLanguage\":\"en-US\",\"potentialAction\":[{\"@type\":\"ReadAction\",\"target\":[\"https:\/\/hidalgofestival.de\/en\/\"]}]},{\"@type\":\"BreadcrumbList\",\"@id\":\"https:\/\/hidalgofestival.de\/en\/#breadcrumb\",\"itemListElement\":[{\"@type\":\"ListItem\",\"position\":1,\"name\":\"Startseite\",\"item\":\"https:\/\/hidalgofestival.de\/en\/beispiel-seite\/\"},{\"@type\":\"ListItem\",\"position\":2,\"name\":\"Home\"}]},{\"@type\":\"WebSite\",\"@id\":\"https:\/\/hidalgofestival.de\/en\/#website\",\"url\":\"https:\/\/hidalgofestival.de\/en\/\",\"name\":\"HIDALGO\",\"description\":\"Festival f\u00fcr Junge Klassik\",\"potentialAction\":[{\"@type\":\"SearchAction\",\"target\":{\"@type\":\"EntryPoint\",\"urlTemplate\":\"https:\/\/hidalgofestival.de\/en\/?s={search_term_string}\"},\"query-input\":{\"@type\":\"PropertyValueSpecification\",\"valueRequired\":true,\"valueName\":\"search_term_string\"}}],\"inLanguage\":\"en-US\"}]}<\/script>\n<!-- \/ Yoast SEO plugin. -->","yoast_head_json":{"title":"HIDALGO Festival \u2013 paradoxical worlds and classical music","description":"HIDALGO is Munich's most exciting classical music start-up. Its team combines paradoxical worlds to create intense, exhilarating musical experiences.","robots":{"index":"index","follow":"follow","max-snippet":"max-snippet:-1","max-image-preview":"max-image-preview:large","max-video-preview":"max-video-preview:-1"},"canonical":"https:\/\/hidalgofestival.de\/en\/","og_locale":"en_US","og_type":"article","og_title":"HIDALGO Festival \u2013 paradoxical worlds and classical music","og_description":"HIDALGO is Munich's most exciting classical music start-up. Its team combines paradoxical worlds to create intense, exhilarating musical experiences.","og_url":"https:\/\/hidalgofestival.de\/en\/","og_site_name":"HIDALGO","article_modified_time":"2025-12-04T11:06:44+00:00","twitter_card":"summary_large_image","twitter_misc":{"Est. reading time":"2 minutes"},"schema":{"@context":"https:\/\/schema.org","@graph":[{"@type":"WebPage","@id":"https:\/\/hidalgofestival.de\/en\/","url":"https:\/\/hidalgofestival.de\/en\/","name":"HIDALGO Festival \u2013 paradoxical worlds and classical music","isPartOf":{"@id":"https:\/\/hidalgofestival.de\/en\/#website"},"datePublished":"2020-08-19T18:41:59+00:00","dateModified":"2025-12-04T11:06:44+00:00","description":"HIDALGO is Munich's most exciting classical music start-up. Its team combines paradoxical worlds to create intense, exhilarating musical experiences.","breadcrumb":{"@id":"https:\/\/hidalgofestival.de\/en\/#breadcrumb"},"inLanguage":"en-US","potentialAction":[{"@type":"ReadAction","target":["https:\/\/hidalgofestival.de\/en\/"]}]},{"@type":"BreadcrumbList","@id":"https:\/\/hidalgofestival.de\/en\/#breadcrumb","itemListElement":[{"@type":"ListItem","position":1,"name":"Startseite","item":"https:\/\/hidalgofestival.de\/en\/beispiel-seite\/"},{"@type":"ListItem","position":2,"name":"Home"}]},{"@type":"WebSite","@id":"https:\/\/hidalgofestival.de\/en\/#website","url":"https:\/\/hidalgofestival.de\/en\/","name":"HIDALGO","description":"Festival f\u00fcr Junge Klassik","potentialAction":[{"@type":"SearchAction","target":{"@type":"EntryPoint","urlTemplate":"https:\/\/hidalgofestival.de\/en\/?s={search_term_string}"},"query-input":{"@type":"PropertyValueSpecification","valueRequired":true,"valueName":"search_term_string"}}],"inLanguage":"en-US"}]}},"_links":{"self":[{"href":"https:\/\/hidalgofestival.de\/en\/wp-json\/wp\/v2\/pages\/8121","targetHints":{"allow":["GET"]}}],"collection":[{"href":"https:\/\/hidalgofestival.de\/en\/wp-json\/wp\/v2\/pages"}],"about":[{"href":"https:\/\/hidalgofestival.de\/en\/wp-json\/wp\/v2\/types\/page"}],"author":[{"embeddable":true,"href":"https:\/\/hidalgofestival.de\/en\/wp-json\/wp\/v2\/users\/1"}],"replies":[{"embeddable":true,"href":"https:\/\/hidalgofestival.de\/en\/wp-json\/wp\/v2\/comments?post=8121"}],"version-history":[{"count":37,"href":"https:\/\/hidalgofestival.de\/en\/wp-json\/wp\/v2\/pages\/8121\/revisions"}],"predecessor-version":[{"id":10923,"href":"https:\/\/hidalgofestival.de\/en\/wp-json\/wp\/v2\/pages\/8121\/revisions\/10923"}],"wp:attachment":[{"href":"https:\/\/hidalgofestival.de\/en\/wp-json\/wp\/v2\/media?parent=8121"}],"curies":[{"name":"wp","href":"https:\/\/api.w.org\/{rel}","templated":true}]}}