{"id":8021,"date":"2020-08-20T08:56:39","date_gmt":"2020-08-20T06:56:39","guid":{"rendered":"https:\/\/hidalgofestival.de\/locations\/"},"modified":"2024-02-09T20:03:40","modified_gmt":"2024-02-09T19:03:40","slug":"locations","status":"publish","type":"page","link":"https:\/\/hidalgofestival.de\/en\/locations\/","title":{"rendered":"Locations"},"content":{"rendered":"<p>[vc_row css=&#8221;.vc_custom_1624725825235{margin-bottom: 80px !important;}&#8221;][vc_column][vc_column_text]<\/p>\n<h1 style=\"text-align: left;\">Locations<\/h1>\n<p>[\/vc_column_text][vc_column_text]<\/p>\n<h3 style=\"text-align: left;\">In our fifth festival season, it&#8217;s not just art and music that we&#8217;re polishing up &#8211; our venues have also been recycled in line with our motto <a href=\"https:\/\/hidalgofestival.de\/klassik-upcycled\/\">&#8220;Klassik Upcycled&#8221;<\/a>: an old printing works, old shipping containers, an old transformer hall and an old boiler house. From old to new, pure and direct!<\/h3>\n<p>[\/vc_column_text][\/vc_column][\/vc_row][vc_row][vc_column]<div class=\"gt-venue-listing\"><div class=\"gt-columns gt-column-2\"><div class=\"gt-col\"><div class=\"gt-inner\"><div class=\"gt-venue-style-1\"><div class=\"gt-image\"><a href=\"https:\/\/hidalgofestival.de\/en\/venue\/bahnwaerter-thiel\/\"><img loading=\"lazy\" decoding=\"async\" width=\"615\" height=\"400\" src=\"data:image\/svg+xml,%3Csvg%20xmlns%3D%27http:\/\/www.w3.org\/2000\/svg%27%20viewBox%3D%270%200%203%202%27%3E%3C\/svg%3E\" class=\"attachment-eventchamp-event-list size-eventchamp-event-list gt-lazy-load wp-post-image\" alt=\"\" data-src=\"https:\/\/hidalgofestival.de\/wp-content\/uploads\/2020\/09\/img_bahnwaerter.jpg\" data-srcset=\"https:\/\/hidalgofestival.de\/wp-content\/uploads\/2020\/09\/img_bahnwaerter.jpg 615w, https:\/\/hidalgofestival.de\/wp-content\/uploads\/2020\/09\/img_bahnwaerter-300x195.jpg 300w\" data-sizes=\"(max-width: 615px) 100vw, 615px\" \/><\/a><\/div><div class=\"gt-title\"><a href=\"https:\/\/hidalgofestival.de\/en\/venue\/bahnwaerter-thiel\/\">Bahnw\u00e4rter Thiel<\/a><\/div><div class=\"gt-excerpt\">[vc_row][vc_column][vc_column_text]Der Bahnw\u00e4rter Thiel ist ein Elektro-Club und Kulturzentrum auf dem ehemaligen Viehof im M\u00fcnchner Schlachthofgel\u00e4nde. Seit 2017 w\u00e4chst hier in alten \u00dcbersee-Containern und U-Bahn-Triebwagen die M\u00fcnchner Subkultur mit R\u00e4umen f\u00fcr Veranstaltungen, Ateliers und Restaurants. International gilt der Bahnw\u00e4rter Thiel als...<\/div><\/div><\/div><\/div><div class=\"gt-col\"><div class=\"gt-inner\"><div class=\"gt-venue-style-1\"><div class=\"gt-image\"><a href=\"https:\/\/hidalgofestival.de\/en\/venue\/boxwerk\/\"><img loading=\"lazy\" decoding=\"async\" width=\"952\" height=\"579\" src=\"data:image\/svg+xml,%3Csvg%20xmlns%3D%27http:\/\/www.w3.org\/2000\/svg%27%20viewBox%3D%270%200%203%202%27%3E%3C\/svg%3E\" class=\"attachment-eventchamp-event-list size-eventchamp-event-list gt-lazy-load wp-post-image\" alt=\"\" data-src=\"https:\/\/hidalgofestival.de\/wp-content\/uploads\/2020\/08\/WhatsApp-Image-2020-07-28-at-18.03.23-952x579.jpeg\" data-srcset=\"https:\/\/hidalgofestival.de\/wp-content\/uploads\/2020\/08\/WhatsApp-Image-2020-07-28-at-18.03.23-952x579.jpeg 952w, https:\/\/hidalgofestival.de\/wp-content\/uploads\/2020\/08\/WhatsApp-Image-2020-07-28-at-18.03.23-130x80.jpeg 130w\" data-sizes=\"(max-width: 952px) 100vw, 952px\" \/><\/a><\/div><div class=\"gt-title\"><a href=\"https:\/\/hidalgofestival.de\/en\/venue\/boxwerk\/\">Boxwerk<\/a><\/div><div class=\"gt-excerpt\">[vc_row][vc_column][vc_column_text]Im BOXWERK trainieren seit 2009 Amateur- und Profisportler*innen, die zahlreiche Titel gewinnen konnten. \u00dcber den sportlichen Betrieb hinaus engagiert sich die Institution in der M\u00fcnchner Maxvorstadt sozial und kulturell, u.a. f\u00fcr Gefl\u00fcchtete und schwer erziehbare Jugendliche. Gr\u00fcnder und Leiter Nick...<\/div><\/div><\/div><\/div><div class=\"gt-col\"><div class=\"gt-inner\"><div class=\"gt-venue-style-1\"><div class=\"gt-image\"><a href=\"https:\/\/hidalgofestival.de\/en\/venue\/gasteig-hp8-halle-e\/\"><img loading=\"lazy\" decoding=\"async\" width=\"952\" height=\"579\" src=\"data:image\/svg+xml,%3Csvg%20xmlns%3D%27http:\/\/www.w3.org\/2000\/svg%27%20viewBox%3D%270%200%203%202%27%3E%3C\/svg%3E\" class=\"attachment-eventchamp-event-list size-eventchamp-event-list gt-lazy-load wp-post-image\" alt=\"\" data-src=\"https:\/\/hidalgofestival.de\/wp-content\/uploads\/2022\/09\/HG-Esch-Photografie_Gasteig-952x579.png\" data-srcset=\"https:\/\/hidalgofestival.de\/wp-content\/uploads\/2022\/09\/HG-Esch-Photografie_Gasteig-952x579.png 952w, https:\/\/hidalgofestival.de\/wp-content\/uploads\/2022\/09\/HG-Esch-Photografie_Gasteig-130x80.png 130w\" data-sizes=\"(max-width: 952px) 100vw, 952px\" \/><\/a><\/div><div class=\"gt-title\"><a href=\"https:\/\/hidalgofestival.de\/en\/venue\/gasteig-hp8-halle-e\/\">Gasteig HP8 \u2013 Halle E<\/a><\/div><div class=\"gt-excerpt\">[vc_row][vc_column][vc_column_text] Gasteig HP8 \u2013 Halle E Der Gasteig ist umgezogen ins Interimsquartier nach Sendling \u2013 w\u00e4hrend das alte Haus am Isarhochufer saniert wird. Benannt ist der \u201eGasteig HP8\u201c nach der neuen Adresse Hans-Prei\u00dfinger-Stra\u00dfe 8. Wir spielen in der Halle E,...<\/div><\/div><\/div><\/div><\/div><\/div>[\/vc_column][\/vc_row]<\/p>\n","protected":false},"excerpt":{"rendered":"<p>[vc_row css=&#8221;.vc_custom_1624725825235{margin-bottom: 80px !important;}&#8221;][vc_column][vc_column_text] Locations [\/vc_column_text][vc_column_text] In our fifth festival season, it&#8217;s not just art and music that we&#8217;re polishing up &#8211; our venues have also been recycled in line with our motto &#8220;Klassik Upcycled&#8221;: an old printing works, old&#8230;<\/p>\n","protected":false},"author":1,"featured_media":0,"parent":0,"menu_order":27,"comment_status":"closed","ping_status":"closed","template":"","meta":{"footnotes":""},"class_list":["post-8021","page","type-page","status-publish","hentry"],"yoast_head":"<!-- This site is optimized with the Yoast SEO plugin v27.2 - https:\/\/yoast.com\/product\/yoast-seo-wordpress\/ -->\n<title>Locations - HIDALGO<\/title>\n<meta name=\"robots\" content=\"index, follow, max-snippet:-1, max-image-preview:large, max-video-preview:-1\" \/>\n<link rel=\"canonical\" href=\"https:\/\/hidalgofestival.de\/en\/locations\/\" \/>\n<meta property=\"og:locale\" content=\"en_US\" \/>\n<meta property=\"og:type\" content=\"article\" \/>\n<meta property=\"og:title\" content=\"Locations - HIDALGO\" \/>\n<meta property=\"og:description\" content=\"[vc_row css=&#8221;.vc_custom_1624725825235{margin-bottom: 80px !important;}&#8221;][vc_column][vc_column_text] Locations [\/vc_column_text][vc_column_text] In our fifth festival season, it&#8217;s not just art and music that we&#8217;re polishing up &#8211; our venues have also been recycled in line with our motto &#8220;Klassik Upcycled&#8221;: an old printing works, old...\" \/>\n<meta property=\"og:url\" content=\"https:\/\/hidalgofestival.de\/en\/locations\/\" \/>\n<meta property=\"og:site_name\" content=\"HIDALGO\" \/>\n<meta property=\"article:modified_time\" content=\"2024-02-09T19:03:40+00:00\" \/>\n<meta name=\"twitter:card\" content=\"summary_large_image\" \/>\n<meta name=\"twitter:label1\" content=\"Est. reading time\" \/>\n\t<meta name=\"twitter:data1\" content=\"1 minute\" \/>\n<script type=\"application\/ld+json\" class=\"yoast-schema-graph\">{\"@context\":\"https:\/\/schema.org\",\"@graph\":[{\"@type\":\"WebPage\",\"@id\":\"https:\/\/hidalgofestival.de\/en\/locations\/\",\"url\":\"https:\/\/hidalgofestival.de\/en\/locations\/\",\"name\":\"Locations - HIDALGO\",\"isPartOf\":{\"@id\":\"https:\/\/hidalgofestival.de\/en\/#website\"},\"datePublished\":\"2020-08-20T06:56:39+00:00\",\"dateModified\":\"2024-02-09T19:03:40+00:00\",\"breadcrumb\":{\"@id\":\"https:\/\/hidalgofestival.de\/en\/locations\/#breadcrumb\"},\"inLanguage\":\"en-US\",\"potentialAction\":[{\"@type\":\"ReadAction\",\"target\":[\"https:\/\/hidalgofestival.de\/en\/locations\/\"]}]},{\"@type\":\"BreadcrumbList\",\"@id\":\"https:\/\/hidalgofestival.de\/en\/locations\/#breadcrumb\",\"itemListElement\":[{\"@type\":\"ListItem\",\"position\":1,\"name\":\"Startseite\",\"item\":\"https:\/\/hidalgofestival.de\/en\/beispiel-seite\/\"},{\"@type\":\"ListItem\",\"position\":2,\"name\":\"Locations\"}]},{\"@type\":\"WebSite\",\"@id\":\"https:\/\/hidalgofestival.de\/en\/#website\",\"url\":\"https:\/\/hidalgofestival.de\/en\/\",\"name\":\"HIDALGO\",\"description\":\"Festival f\u00fcr Junge Klassik\",\"potentialAction\":[{\"@type\":\"SearchAction\",\"target\":{\"@type\":\"EntryPoint\",\"urlTemplate\":\"https:\/\/hidalgofestival.de\/en\/?s={search_term_string}\"},\"query-input\":{\"@type\":\"PropertyValueSpecification\",\"valueRequired\":true,\"valueName\":\"search_term_string\"}}],\"inLanguage\":\"en-US\"}]}<\/script>\n<!-- \/ Yoast SEO plugin. -->","yoast_head_json":{"title":"Locations - HIDALGO","robots":{"index":"index","follow":"follow","max-snippet":"max-snippet:-1","max-image-preview":"max-image-preview:large","max-video-preview":"max-video-preview:-1"},"canonical":"https:\/\/hidalgofestival.de\/en\/locations\/","og_locale":"en_US","og_type":"article","og_title":"Locations - HIDALGO","og_description":"[vc_row css=&#8221;.vc_custom_1624725825235{margin-bottom: 80px !important;}&#8221;][vc_column][vc_column_text] Locations [\/vc_column_text][vc_column_text] In our fifth festival season, it&#8217;s not just art and music that we&#8217;re polishing up &#8211; our venues have also been recycled in line with our motto &#8220;Klassik Upcycled&#8221;: an old printing works, old...","og_url":"https:\/\/hidalgofestival.de\/en\/locations\/","og_site_name":"HIDALGO","article_modified_time":"2024-02-09T19:03:40+00:00","twitter_card":"summary_large_image","twitter_misc":{"Est. reading time":"1 minute"},"schema":{"@context":"https:\/\/schema.org","@graph":[{"@type":"WebPage","@id":"https:\/\/hidalgofestival.de\/en\/locations\/","url":"https:\/\/hidalgofestival.de\/en\/locations\/","name":"Locations - HIDALGO","isPartOf":{"@id":"https:\/\/hidalgofestival.de\/en\/#website"},"datePublished":"2020-08-20T06:56:39+00:00","dateModified":"2024-02-09T19:03:40+00:00","breadcrumb":{"@id":"https:\/\/hidalgofestival.de\/en\/locations\/#breadcrumb"},"inLanguage":"en-US","potentialAction":[{"@type":"ReadAction","target":["https:\/\/hidalgofestival.de\/en\/locations\/"]}]},{"@type":"BreadcrumbList","@id":"https:\/\/hidalgofestival.de\/en\/locations\/#breadcrumb","itemListElement":[{"@type":"ListItem","position":1,"name":"Startseite","item":"https:\/\/hidalgofestival.de\/en\/beispiel-seite\/"},{"@type":"ListItem","position":2,"name":"Locations"}]},{"@type":"WebSite","@id":"https:\/\/hidalgofestival.de\/en\/#website","url":"https:\/\/hidalgofestival.de\/en\/","name":"HIDALGO","description":"Festival f\u00fcr Junge Klassik","potentialAction":[{"@type":"SearchAction","target":{"@type":"EntryPoint","urlTemplate":"https:\/\/hidalgofestival.de\/en\/?s={search_term_string}"},"query-input":{"@type":"PropertyValueSpecification","valueRequired":true,"valueName":"search_term_string"}}],"inLanguage":"en-US"}]}},"_links":{"self":[{"href":"https:\/\/hidalgofestival.de\/en\/wp-json\/wp\/v2\/pages\/8021","targetHints":{"allow":["GET"]}}],"collection":[{"href":"https:\/\/hidalgofestival.de\/en\/wp-json\/wp\/v2\/pages"}],"about":[{"href":"https:\/\/hidalgofestival.de\/en\/wp-json\/wp\/v2\/types\/page"}],"author":[{"embeddable":true,"href":"https:\/\/hidalgofestival.de\/en\/wp-json\/wp\/v2\/users\/1"}],"replies":[{"embeddable":true,"href":"https:\/\/hidalgofestival.de\/en\/wp-json\/wp\/v2\/comments?post=8021"}],"version-history":[{"count":1,"href":"https:\/\/hidalgofestival.de\/en\/wp-json\/wp\/v2\/pages\/8021\/revisions"}],"predecessor-version":[{"id":8028,"href":"https:\/\/hidalgofestival.de\/en\/wp-json\/wp\/v2\/pages\/8021\/revisions\/8028"}],"wp:attachment":[{"href":"https:\/\/hidalgofestival.de\/en\/wp-json\/wp\/v2\/media?parent=8021"}],"curies":[{"name":"wp","href":"https:\/\/api.w.org\/{rel}","templated":true}]}}