{"id":7883,"date":"2023-11-03T21:06:30","date_gmt":"2023-11-03T20:06:30","guid":{"rendered":"https:\/\/hidalgofestival.de\/workshop\/dance-the-normal-madness\/"},"modified":"2025-01-27T14:01:41","modified_gmt":"2025-01-27T13:01:41","slug":"tanz-den-ganz-normalen-wahnsinn","status":"publish","type":"page","link":"https:\/\/hidalgofestival.de\/en\/workshop\/tanz-den-ganz-normalen-wahnsinn\/","title":{"rendered":"Tanz den ganz normalen Wahnsinn"},"content":{"rendered":"<p>[vc_row full_width=&#8221;stretch_row&#8221; full_height=&#8221;yes&#8221; columns_placement=&#8221;top&#8221; content_placement=&#8221;bottom&#8221; background-position=&#8221;center-center&#8221; css=&#8221;.vc_custom_1699042290352{margin-bottom: 50px !important;background-image: url(https:\/\/hidalgofestival.de\/wp-content\/uploads\/2023\/11\/Hidalgo_visuals_adaptionen-23.jpeg?id=6302) !important;background-position: center !important;background-repeat: no-repeat !important;background-size: cover !important;}&#8221;][vc_column][vc_row_inner css=&#8221;.vc_custom_1699042318924{padding-top: 30px !important;}&#8221;][vc_column_inner][\/vc_column_inner][\/vc_row_inner][\/vc_column][\/vc_row][vc_row full_height=&#8221;yes&#8221; css=&#8221;.vc_custom_1699040277994{margin-top: 50px !important;margin-bottom: 20px !important;}&#8221; el_class=&#8221;narrow&#8221;][vc_column][vc_column_text]<\/p>\n<h2>TANZ DEN GANZ NORMALEN WAHNSINN &#8211; HIDALGO WERKSTATT<\/h2>\n<h3>WORKSHOP AND DANCE PERFORMANCE<\/h3>\n<p>Chaos in the head, sky-high joy and first heartbreak, getting lost in the world and at the same time living intensely in it: the total and completely normal madness of young people who have to find their way somewhere between the pressure to perform and youthful recklessness, self-optimization and complete exuberance.<\/p>\n<p>This intense life needs forms of expression\u2014and a dance performance outside the norm, which can also be aimed in particular at students from schools with special challenges. In workshops, the young people develop and learn specially choreographed dances from the field of modern dance with a dance teacher. They take part in the stage technology and put on a dance performance.<\/p>\n<p>Gustav Mahler provides the live soundtrack: the song cycle \u201cLieder eines fahrenden Gesellen\u201d tells the story of a wanderer, an unhappy lover with dreams and melancholy, who takes his fate into his own hands. Songs from the cycle \u201cDes Knaben Wunderhorn\u201d put the trials and tribulations of falling in love into music.<\/p>\n<p>The famous song \u201cIch bin der Welt abhanden gekommen\u201d shows a personal confrontation with oneself and the world.\u202f\u202fFor the young people&#8217;s dance performance, Mahler&#8217;s songs for a singer and piano are alienated with live electronics and underlaid with dance beats.[\/vc_column_text][vc_video link=&#8221;https:\/\/www.youtube.com\/watch?v=VCxaCLj17pk&#8221;][vc_column_text]One artistic element of the project&#8217;s curriculum is a visit to \u201cREFUGIUM\u201d, the mobile installation with song and dance in a van. The dance and artistic preparatory work of this format forms the basis of the educational format. In the installation, the students experience a dancer who expresses his feelings of being lost and desperate to Gustav Mahler&#8217;s \u201cIch bin der Welt abhanden gekommen\u201d, but finds refuge in music and dance. Beforehand, they receive an introduction to the installation designed especially for them.[\/vc_column_text][vc_column_text]<\/p>\n<h3>Age group<\/h3>\n<p>7th-8th grade classes at all levels of secondary school (Gymnasium, Realschule, Mittelschule)<\/p>\n<h3>Time frame per school class<\/h3>\n<p>8x double lesson workshop<br \/>\nJoint dance performance of all participating school classes<\/p>\n<h3>Period<\/h3>\n<p>Workshops February to June 2024<br \/>\nJoint performance Friday, June 21, 2024<\/p>\n<h3>Costs<\/h3>\n<p>Workshop free of charge<\/p>\n<h3>Registration &amp; Info<\/h3>\n<p>Unfortunately, there are no more spots available for the project. Our project manager Sophia Rieth will be happy to inform interested teachers about further and future projects: <a href=\"mailto:sophia.rieth@hidalgofestival.de\"><strong>sophia.rieth@hidalgofestival.de<\/strong><br \/>\n<\/a><\/p>\n<h3>Participating schools<\/h3>\n<p><a href=\"https:\/\/www.khg.net\/news\"><strong>Kurt-Huber-Gymnasium<\/strong><\/a>, Gr\u00e4felfing<br \/>\n<a href=\"http:\/\/www.mittelschule-ichostrasse.de\/\"><strong>Mittelschule an der Ichostrasse<\/strong><\/a><strong>, <\/strong>Munich<br \/>\n<a href=\"https:\/\/www.heilende-erziehung.de\/parzival-schule\/ueber-unsere-schule\"><strong>Parziv\u00e2l School<\/strong><\/a>, Munich[\/vc_column_text][\/vc_column][\/vc_row][vc_row full_width=&#8221;stretch_row&#8221; full_height=&#8221;yes&#8221; background-position=&#8221;center-center&#8221; css=&#8221;.vc_custom_1699369501974{background-image: url(https:\/\/hidalgofestival.de\/wp-content\/uploads\/2021\/06\/hidalgo-ITINERANT-max-Ott-0291.jpeg?id=2625) !important;}&#8221;][vc_column][\/vc_column][\/vc_row][vc_row][vc_column][vc_column_text]<\/p>\n<h2>Project participants<\/h2>\n<p>[\/vc_column_text][\/vc_column][\/vc_row][vc_row][vc_column width=&#8221;1\/4&#8243;][vc_column_text]<\/p>\n<h4>PROJECT MANAGEMENT<\/h4>\n<p>[\/vc_column_text]<div class=\"gt-categorized-contents gt-tab-panel\"><ul class=\"nav gt-nav gt-left\" role=\"tablist\"><li><a href=\"#categorized-speakers-werkstatt-kontakt-1\" aria-controls=\"categorized-speakers-werkstatt-kontakt\" role=\"tab\" data-toggle=\"tab\" class=\"active\">Werkstatt-Kontakt<\/a><\/li><\/ul><div class=\"tab-content\"><div role=\"tabpanel\" class=\"tab-pane fade active show\" id=\"categorized-speakers-werkstatt-kontakt-1\" aria-labelledby=\"categorized-speakers-werkstatt-kontakt\"><div class=\"gt-columns gt-column-1\"><div class=\"gt-col\"><div class=\"gt-inner\"><div class=\"gt-speaker gt-style-1\"><div class=\"gt-image\"><a href=\"https:\/\/hidalgofestival.de\/en\/speaker\/sophia-rieth\/\"><img loading=\"lazy\" decoding=\"async\" width=\"615\" height=\"640\" src=\"data:image\/svg+xml,%3Csvg%20xmlns%3D%27http:\/\/www.w3.org\/2000\/svg%27%20viewBox%3D%270%200%203%202%27%3E%3C\/svg%3E\" class=\"attachment-eventchamp-speaker size-eventchamp-speaker gt-lazy-load\" alt=\"\" data-src=\"https:\/\/hidalgofestival.de\/wp-content\/uploads\/2021\/03\/web__Rieth-.pngSophia_Ganzenmu\u0308ller-615x640.png\" \/><\/a><\/div><div class=\"gt-content\"><div class=\"gt-name\"><a href=\"https:\/\/hidalgofestival.de\/en\/speaker\/sophia-rieth\/\">Sophia Rieth<\/a><\/div><div class=\"gt-text\">Sophia Rieth studierte Elementare Musikp\u00e4dagogik und Instrumentalp\u00e4dagogik in Augsburg, Music Performance in Blockfl\u00f6te in Z\u00fcrich sowie Kultur- und Musikmanagement in M\u00fcnchen. Als Kreativkopf spielt sie Konzerte und arbeitet als Musikvermittlerin und Dozentin. Sie konzipiert unter anderem das von ihr mitbegr\u00fcndete Zeitfestival in Z\u00fcrich und Augsburg.<\/div><div class=\"gt-social-links\"><ul class=\"gt-social-links\"><li><a href=\"mailto:sophia.rieth@hidalgofestival.de\" target=\"_blank\"><i class=\"far fa-envelope\"><\/i><\/a><\/li><\/ul><\/div><\/div><\/div><\/div><\/div><\/div><\/div><\/div><\/div>[\/vc_column][vc_column width=&#8221;1\/4&#8243;][vc_column_text]<\/p>\n<h4>MUSIC EDUCATION<\/h4>\n<p>[\/vc_column_text]<div class=\"gt-categorized-contents gt-tab-panel\"><ul class=\"nav gt-nav gt-left\" role=\"tablist\"><li><a href=\"#categorized-speakers-tdw-musikvermittlung-1\" aria-controls=\"categorized-speakers-tdw-musikvermittlung\" role=\"tab\" data-toggle=\"tab\" class=\"active\">TDW Musikvermittlung<\/a><\/li><\/ul><div class=\"tab-content\"><div role=\"tabpanel\" class=\"tab-pane fade active show\" id=\"categorized-speakers-tdw-musikvermittlung-1\" aria-labelledby=\"categorized-speakers-tdw-musikvermittlung\"><div class=\"gt-columns gt-column-1\"><div class=\"gt-col\"><div class=\"gt-inner\"><div class=\"gt-speaker gt-style-1\"><div class=\"gt-image\"><a href=\"https:\/\/hidalgofestival.de\/en\/speaker\/anna-sophia-krause\/\"><img loading=\"lazy\" decoding=\"async\" width=\"615\" height=\"640\" src=\"data:image\/svg+xml,%3Csvg%20xmlns%3D%27http:\/\/www.w3.org\/2000\/svg%27%20viewBox%3D%270%200%203%202%27%3E%3C\/svg%3E\" class=\"attachment-eventchamp-speaker size-eventchamp-speaker gt-lazy-load\" alt=\"\" data-src=\"https:\/\/hidalgofestival.de\/wp-content\/uploads\/2023\/11\/Krause-615x640.png\" \/><\/a><\/div><div class=\"gt-content\"><div class=\"gt-name\"><a href=\"https:\/\/hidalgofestival.de\/en\/speaker\/anna-sophia-krause\/\">Anna-Sophia Kraus<\/a><\/div><div class=\"gt-text\">Anna-Sophia Kraus studierte Schulmusik, Violine und Musikmanagement in M\u00fcnchen. In ihrer Masterarbeit forschte sie zu neuen Auff\u00fchrungsformen klassischer Konzerte. Sie ist als Musikvermittlerin am Staatstheater Augsburg ta\u0308tig, entwickelt als Community Musician mit Gruppen Performances und arbeitet als Lehrbeauftragte mit Studierenden.<\/div><\/div><\/div><\/div><\/div><\/div><\/div><\/div><\/div>[\/vc_column][vc_column width=&#8221;1\/4&#8243;][vc_column_text]<\/p>\n<h4>DANCE PEDAGOGY<\/h4>\n<p>[\/vc_column_text]<div class=\"gt-categorized-contents gt-tab-panel\"><ul class=\"nav gt-nav gt-left\" role=\"tablist\"><li><a href=\"#categorized-speakers-tanzpaedagogik-1\" aria-controls=\"categorized-speakers-tanzpaedagogik\" role=\"tab\" data-toggle=\"tab\" class=\"active\">TDW Tanzp\u00e4dagogik<\/a><\/li><\/ul><div class=\"tab-content\"><div role=\"tabpanel\" class=\"tab-pane fade active show\" id=\"categorized-speakers-tanzpaedagogik-1\" aria-labelledby=\"categorized-speakers-tanzpaedagogik\"><div class=\"gt-columns gt-column-1\"><div class=\"gt-col\"><div class=\"gt-inner\"><div class=\"gt-speaker gt-style-1\"><div class=\"gt-image\"><a href=\"https:\/\/hidalgofestival.de\/en\/speaker\/daniel-zaboj\/\"><img loading=\"lazy\" decoding=\"async\" width=\"615\" height=\"640\" src=\"data:image\/svg+xml,%3Csvg%20xmlns%3D%27http:\/\/www.w3.org\/2000\/svg%27%20viewBox%3D%270%200%203%202%27%3E%3C\/svg%3E\" class=\"attachment-eventchamp-speaker size-eventchamp-speaker gt-lazy-load\" alt=\"\" data-src=\"https:\/\/hidalgofestival.de\/wp-content\/uploads\/2023\/11\/Daniel-Za\u0301boj-1-615x640.png\" \/><\/a><\/div><div class=\"gt-content\"><div class=\"gt-name\"><a href=\"https:\/\/hidalgofestival.de\/en\/speaker\/daniel-zaboj\/\">Daniel Zaboj<\/a><\/div><div class=\"gt-text\">Der tschechischer T\u00e4nzer Daniel Z\u00e1boj war engagiert in Linz, Bern und Augsburg, in letzter Station war er auch Assistent des Ballettdirektors Robert Conn. Er ist ausgezeichnet mit dem Augsburger Theaterpreis und war Finalist bei internationalen Wettbewerben. Als Choreograph und Tanzp\u00e4dagoge erhielt er unter 2007 den Bayerischen Kunstf\u00f6rderpreis. Er entwirft, choreographiert und komponiert auch eigene St\u00fccke und unterrichtet in Augsburg.<\/div><\/div><\/div><\/div><\/div><\/div><\/div><\/div><\/div>[\/vc_column][vc_column width=&#8221;1\/4&#8243;][vc_column_text]<\/p>\n<h4>MUSIC<\/h4>\n<p>[\/vc_column_text]<div class=\"gt-categorized-contents gt-tab-panel\"><ul class=\"nav gt-nav gt-left\" role=\"tablist\"><li><a href=\"#categorized-speakers-tdw-dramaturgie-1\" aria-controls=\"categorized-speakers-tdw-dramaturgie\" role=\"tab\" data-toggle=\"tab\" class=\"active\">TDW Dramaturgie<\/a><\/li><\/ul><div class=\"tab-content\"><div role=\"tabpanel\" class=\"tab-pane fade active show\" id=\"categorized-speakers-tdw-dramaturgie-1\" aria-labelledby=\"categorized-speakers-tdw-dramaturgie\"><div class=\"gt-columns gt-column-1\"><div class=\"gt-col\"><div class=\"gt-inner\"><div class=\"gt-speaker gt-style-1\"><div class=\"gt-image\"><a href=\"https:\/\/hidalgofestival.de\/en\/speaker\/imbrothersation\/\"><img loading=\"lazy\" decoding=\"async\" width=\"615\" height=\"640\" src=\"data:image\/svg+xml,%3Csvg%20xmlns%3D%27http:\/\/www.w3.org\/2000\/svg%27%20viewBox%3D%270%200%203%202%27%3E%3C\/svg%3E\" class=\"attachment-eventchamp-speaker size-eventchamp-speaker gt-lazy-load\" alt=\"\" data-src=\"https:\/\/hidalgofestival.de\/wp-content\/uploads\/2024\/06\/Imbrothersation-Beide-2__FSR_9195-scaled-e1717687145932-615x640.jpg\" \/><\/a><\/div><div class=\"gt-content\"><div class=\"gt-name\"><a href=\"https:\/\/hidalgofestival.de\/en\/speaker\/imbrothersation\/\">Imbrothersation<\/a><\/div><div class=\"gt-text\">Imbrothersation ist keine Band, keine Stilistik, kein Mutationsfehler\u2026 Es ist ein ansteckender Geisteszustand zwischen melodischem Wahnwitz und rhythmischer Ekstase, ist Jazz \u2013 Klassik \u2013 Tango, ist Improvisation und Publikumsoper. Die Br\u00fcder Gregor und Raphael Mayrhofer lieben die Ungewissheit der Improvisation, den Reiz des Augenblicks, in dem man nicht genau wei\u00df, was als n\u00e4chstes entsteht, wie der Andere reagiert.<\/div><\/div><\/div><\/div><\/div><\/div><\/div><\/div><\/div>[\/vc_column][\/vc_row][vc_row css=&#8221;.vc_custom_1699370102960{margin-top: 30px !important;}&#8221;][vc_column width=&#8221;1\/2&#8243;][vc_column_text]<\/p>\n<h4>DANCE<\/h4>\n<p>[\/vc_column_text][vc_column_text]2 dance students from a training class[\/vc_column_text][\/vc_column][\/vc_row][vc_row css=&#8221;.vc_custom_1699370097330{margin-top: 30px !important;}&#8221;][vc_column][vc_column_text]<\/p>\n<h3>A project of the <a href=\"https:\/\/hidalgofestival.de\/en\/workshop\/\"><strong>HIDALGO WERKSTATT<\/strong><br \/>\n<\/a><\/h3>\n<p>[\/vc_column_text][\/vc_column][\/vc_row]<\/p>\n","protected":false},"excerpt":{"rendered":"<p>[vc_row full_width=&#8221;stretch_row&#8221; full_height=&#8221;yes&#8221; columns_placement=&#8221;top&#8221; content_placement=&#8221;bottom&#8221; background-position=&#8221;center-center&#8221; css=&#8221;.vc_custom_1699042290352{margin-bottom: 50px !important;background-image: url(https:\/\/hidalgofestival.de\/wp-content\/uploads\/2023\/11\/Hidalgo_visuals_adaptionen-23.jpeg?id=6302) !important;background-position: center !important;background-repeat: no-repeat !important;background-size: cover !important;}&#8221;][vc_column][vc_row_inner css=&#8221;.vc_custom_1699042318924{padding-top: 30px !important;}&#8221;][vc_column_inner][\/vc_column_inner][\/vc_row_inner][\/vc_column][\/vc_row][vc_row full_height=&#8221;yes&#8221; css=&#8221;.vc_custom_1699040277994{margin-top: 50px !important;margin-bottom: 20px !important;}&#8221; el_class=&#8221;narrow&#8221;][vc_column][vc_column_text] TANZ DEN GANZ NORMALEN WAHNSINN &#8211; HIDALGO WERKSTATT WORKSHOP AND DANCE PERFORMANCE Chaos&#8230;<\/p>\n","protected":false},"author":2,"featured_media":0,"parent":7770,"menu_order":14,"comment_status":"closed","ping_status":"closed","template":"","meta":{"footnotes":""},"class_list":["post-7883","page","type-page","status-publish","hentry"],"yoast_head":"<!-- This site is optimized with the Yoast SEO plugin v27.2 - https:\/\/yoast.com\/product\/yoast-seo-wordpress\/ -->\n<title>Tanz den ganz normalen Wahnsinn \u2013 HIDALGO Werkstatt<\/title>\n<meta name=\"description\" content=\"In this HIDALGO Werkstatt format, young people develop and learn a choreography from the field of modern dance with a dance teacher.\" \/>\n<meta name=\"robots\" content=\"index, follow, max-snippet:-1, max-image-preview:large, max-video-preview:-1\" \/>\n<link rel=\"canonical\" href=\"https:\/\/hidalgofestival.de\/en\/workshop\/tanz-den-ganz-normalen-wahnsinn\/\" \/>\n<meta property=\"og:locale\" content=\"en_US\" \/>\n<meta property=\"og:type\" content=\"article\" \/>\n<meta property=\"og:title\" content=\"Tanz den ganz normalen Wahnsinn \u2013 HIDALGO Werkstatt\" \/>\n<meta property=\"og:description\" content=\"In this HIDALGO Werkstatt format, young people develop and learn a choreography from the field of modern dance with a dance teacher.\" \/>\n<meta property=\"og:url\" content=\"https:\/\/hidalgofestival.de\/en\/workshop\/tanz-den-ganz-normalen-wahnsinn\/\" \/>\n<meta property=\"og:site_name\" content=\"HIDALGO\" \/>\n<meta property=\"article:modified_time\" content=\"2025-01-27T13:01:41+00:00\" \/>\n<meta name=\"twitter:card\" content=\"summary_large_image\" \/>\n<meta name=\"twitter:label1\" content=\"Est. reading time\" \/>\n\t<meta name=\"twitter:data1\" content=\"4 minutes\" \/>\n<script type=\"application\/ld+json\" class=\"yoast-schema-graph\">{\"@context\":\"https:\/\/schema.org\",\"@graph\":[{\"@type\":\"WebPage\",\"@id\":\"https:\/\/hidalgofestival.de\/en\/workshop\/tanz-den-ganz-normalen-wahnsinn\/\",\"url\":\"https:\/\/hidalgofestival.de\/en\/workshop\/tanz-den-ganz-normalen-wahnsinn\/\",\"name\":\"Tanz den ganz normalen Wahnsinn \u2013 HIDALGO Werkstatt\",\"isPartOf\":{\"@id\":\"https:\/\/hidalgofestival.de\/en\/#website\"},\"datePublished\":\"2023-11-03T20:06:30+00:00\",\"dateModified\":\"2025-01-27T13:01:41+00:00\",\"description\":\"In this HIDALGO Werkstatt format, young people develop and learn a choreography from the field of modern dance with a dance teacher.\",\"breadcrumb\":{\"@id\":\"https:\/\/hidalgofestival.de\/en\/workshop\/tanz-den-ganz-normalen-wahnsinn\/#breadcrumb\"},\"inLanguage\":\"en-US\",\"potentialAction\":[{\"@type\":\"ReadAction\",\"target\":[\"https:\/\/hidalgofestival.de\/en\/workshop\/tanz-den-ganz-normalen-wahnsinn\/\"]}]},{\"@type\":\"BreadcrumbList\",\"@id\":\"https:\/\/hidalgofestival.de\/en\/workshop\/tanz-den-ganz-normalen-wahnsinn\/#breadcrumb\",\"itemListElement\":[{\"@type\":\"ListItem\",\"position\":1,\"name\":\"Startseite\",\"item\":\"https:\/\/hidalgofestival.de\/en\/beispiel-seite\/\"},{\"@type\":\"ListItem\",\"position\":2,\"name\":\"Werkstatt\",\"item\":\"https:\/\/hidalgofestival.de\/en\/workshop\/\"},{\"@type\":\"ListItem\",\"position\":3,\"name\":\"Tanz den ganz normalen Wahnsinn\"}]},{\"@type\":\"WebSite\",\"@id\":\"https:\/\/hidalgofestival.de\/en\/#website\",\"url\":\"https:\/\/hidalgofestival.de\/en\/\",\"name\":\"HIDALGO\",\"description\":\"Festival f\u00fcr Junge Klassik\",\"potentialAction\":[{\"@type\":\"SearchAction\",\"target\":{\"@type\":\"EntryPoint\",\"urlTemplate\":\"https:\/\/hidalgofestival.de\/en\/?s={search_term_string}\"},\"query-input\":{\"@type\":\"PropertyValueSpecification\",\"valueRequired\":true,\"valueName\":\"search_term_string\"}}],\"inLanguage\":\"en-US\"}]}<\/script>\n<!-- \/ Yoast SEO plugin. -->","yoast_head_json":{"title":"Tanz den ganz normalen Wahnsinn \u2013 HIDALGO Werkstatt","description":"In this HIDALGO Werkstatt format, young people develop and learn a choreography from the field of modern dance with a dance teacher.","robots":{"index":"index","follow":"follow","max-snippet":"max-snippet:-1","max-image-preview":"max-image-preview:large","max-video-preview":"max-video-preview:-1"},"canonical":"https:\/\/hidalgofestival.de\/en\/workshop\/tanz-den-ganz-normalen-wahnsinn\/","og_locale":"en_US","og_type":"article","og_title":"Tanz den ganz normalen Wahnsinn \u2013 HIDALGO Werkstatt","og_description":"In this HIDALGO Werkstatt format, young people develop and learn a choreography from the field of modern dance with a dance teacher.","og_url":"https:\/\/hidalgofestival.de\/en\/workshop\/tanz-den-ganz-normalen-wahnsinn\/","og_site_name":"HIDALGO","article_modified_time":"2025-01-27T13:01:41+00:00","twitter_card":"summary_large_image","twitter_misc":{"Est. reading time":"4 minutes"},"schema":{"@context":"https:\/\/schema.org","@graph":[{"@type":"WebPage","@id":"https:\/\/hidalgofestival.de\/en\/workshop\/tanz-den-ganz-normalen-wahnsinn\/","url":"https:\/\/hidalgofestival.de\/en\/workshop\/tanz-den-ganz-normalen-wahnsinn\/","name":"Tanz den ganz normalen Wahnsinn \u2013 HIDALGO Werkstatt","isPartOf":{"@id":"https:\/\/hidalgofestival.de\/en\/#website"},"datePublished":"2023-11-03T20:06:30+00:00","dateModified":"2025-01-27T13:01:41+00:00","description":"In this HIDALGO Werkstatt format, young people develop and learn a choreography from the field of modern dance with a dance teacher.","breadcrumb":{"@id":"https:\/\/hidalgofestival.de\/en\/workshop\/tanz-den-ganz-normalen-wahnsinn\/#breadcrumb"},"inLanguage":"en-US","potentialAction":[{"@type":"ReadAction","target":["https:\/\/hidalgofestival.de\/en\/workshop\/tanz-den-ganz-normalen-wahnsinn\/"]}]},{"@type":"BreadcrumbList","@id":"https:\/\/hidalgofestival.de\/en\/workshop\/tanz-den-ganz-normalen-wahnsinn\/#breadcrumb","itemListElement":[{"@type":"ListItem","position":1,"name":"Startseite","item":"https:\/\/hidalgofestival.de\/en\/beispiel-seite\/"},{"@type":"ListItem","position":2,"name":"Werkstatt","item":"https:\/\/hidalgofestival.de\/en\/workshop\/"},{"@type":"ListItem","position":3,"name":"Tanz den ganz normalen Wahnsinn"}]},{"@type":"WebSite","@id":"https:\/\/hidalgofestival.de\/en\/#website","url":"https:\/\/hidalgofestival.de\/en\/","name":"HIDALGO","description":"Festival f\u00fcr Junge Klassik","potentialAction":[{"@type":"SearchAction","target":{"@type":"EntryPoint","urlTemplate":"https:\/\/hidalgofestival.de\/en\/?s={search_term_string}"},"query-input":{"@type":"PropertyValueSpecification","valueRequired":true,"valueName":"search_term_string"}}],"inLanguage":"en-US"}]}},"_links":{"self":[{"href":"https:\/\/hidalgofestival.de\/en\/wp-json\/wp\/v2\/pages\/7883","targetHints":{"allow":["GET"]}}],"collection":[{"href":"https:\/\/hidalgofestival.de\/en\/wp-json\/wp\/v2\/pages"}],"about":[{"href":"https:\/\/hidalgofestival.de\/en\/wp-json\/wp\/v2\/types\/page"}],"author":[{"embeddable":true,"href":"https:\/\/hidalgofestival.de\/en\/wp-json\/wp\/v2\/users\/2"}],"replies":[{"embeddable":true,"href":"https:\/\/hidalgofestival.de\/en\/wp-json\/wp\/v2\/comments?post=7883"}],"version-history":[{"count":8,"href":"https:\/\/hidalgofestival.de\/en\/wp-json\/wp\/v2\/pages\/7883\/revisions"}],"predecessor-version":[{"id":9638,"href":"https:\/\/hidalgofestival.de\/en\/wp-json\/wp\/v2\/pages\/7883\/revisions\/9638"}],"up":[{"embeddable":true,"href":"https:\/\/hidalgofestival.de\/en\/wp-json\/wp\/v2\/pages\/7770"}],"wp:attachment":[{"href":"https:\/\/hidalgofestival.de\/en\/wp-json\/wp\/v2\/media?parent=7883"}],"curies":[{"name":"wp","href":"https:\/\/api.w.org\/{rel}","templated":true}]}}