{"id":7821,"date":"2023-06-03T15:29:42","date_gmt":"2023-06-03T13:29:42","guid":{"rendered":"https:\/\/hidalgofestival.de\/collective\/guest-performance\/"},"modified":"2025-01-27T12:48:00","modified_gmt":"2025-01-27T11:48:00","slug":"guest-performance","status":"publish","type":"page","link":"https:\/\/hidalgofestival.de\/en\/collective\/guest-performance\/","title":{"rendered":"Guest Performance"},"content":{"rendered":"<p>[vc_row full_width=&#8221;stretch_row&#8221; full_height=&#8221;yes&#8221; css=&#8221;.vc_custom_1699034043438{padding-top: 45% !important;background-image: url(https:\/\/hidalgofestival.de\/wp-content\/uploads\/2021\/06\/hidalgo-boxsalon-prem-max-Ott-0230.jpeg?id=2364) !important;background-position: center !important;background-repeat: no-repeat !important;background-size: cover !important;}&#8221;][vc_column][\/vc_column][\/vc_row][vc_row css=&#8221;.vc_custom_1685797648453{margin-top: 80px !important;}&#8221; el_class=&#8221;narrow&#8221;][vc_column][vc_column_text]<\/p>\n<h3 style=\"font-size: 5rem; margin: 0px; text-align: left; text-transform: uppercase;\">Guest performance<\/h3>\n<p>[\/vc_column_text][vc_column_text]<\/p>\n<h3 style=\"text-align: left;\"><strong>Our own productions are based on song and vocal music. <\/strong><strong>We often celebrate the world premiere at the annual HIDALGO Festival for Young Classical Music. We then send a selection of <\/strong><strong>particularly acclaimed concert formats as guest performances to other theaters and festivals.<\/strong><\/h3>\n<p>[\/vc_column_text][\/vc_column][\/vc_row][vc_row el_class=&#8221;narrow&#8221;][vc_column width=&#8221;1\/2&#8243; css=&#8221;.vc_custom_1653405833504{padding-bottom: 30px !important;}&#8221;]<div class=\"gt-banner-box gt-lazy-load\" data-bg=\"https:\/\/hidalgofestival.de\/wp-content\/uploads\/2021\/06\/hidalgo-boxsalon-prem-max-Ott-0166.jpeg\"><a href=\"https:\/\/hidalgofestival.de\/en\/collective\/portfolio\/box-salon\/\" target=\"_parent\"><div class=\"gt-content\"><span class=\"primary\">Box-Salon<\/span><span class=\"secondary\">In the ring, not only a singer and a pianist compete against each other\u2014but also real boxers with real punches. A physical staging of grief and its five phases\u2014with piano improvisations over bouncing boxing gloves. In the BR review: \u201cSurprising concept and exciting realization!\u201d<\/span><\/div><\/a><\/div>[\/vc_column][vc_column width=&#8221;1\/2&#8243;]<div class=\"gt-banner-box gt-lazy-load\" data-bg=\"https:\/\/hidalgofestival.de\/wp-content\/uploads\/2021\/06\/DSC8431-scaled.jpg\"><a href=\"https:\/\/hidalgofestival.de\/en\/collective\/portfolio\/song-slam\/\" target=\"_parent\"><div class=\"gt-content\"><span class=\"primary\">Song &amp; Slam<\/span><span class=\"secondary\">Art song as an exhibition battle: on stage, slam poets rub and poke at the works of Heinrich Heine, Adelbert von Chamisso and Robert Schumann. Provocative, thoughtful, with a lot of anger and even more humor, the nationally renowned award winners dissect the gender images of Romanticism.<\/span><\/div><\/a><\/div>[\/vc_column][\/vc_row][vc_row disable_element=&#8221;yes&#8221; css=&#8221;.vc_custom_1685794765975{margin-top: 20px !important;}&#8221;][vc_column width=&#8221;1\/2&#8243;]<div class=\"gt-banner-box gt-lazy-load\" data-bg=\"https:\/\/hidalgofestival.de\/wp-content\/uploads\/2021\/11\/Hidalgo-rape-culture-max-ott016-scaled.jpg\"><a href=\"https:\/\/hidalgofestival.de\/produktion\/rape-culture\/\" target=\"_parent\"><div class=\"gt-content\"><span class=\"primary\">Rape &amp; Culture<\/span><span class=\"secondary\">Eine S\u00e4ngerin wird vergewaltigt. Der T\u00e4ter ist ihr Mentor, dem sie blind vertraut hat. Die Inszenierung zeigt, wie es zum Missbrauch kommen kann \u2013 und wie danach der Kampf gegen Machtstrukturen beginnt. Ein szenischer Liederabend fu\u0308r Frauenstimme, Sprecher*in, Klavier und vierk\u00f6pfiges Tanzensemble u\u0308ber Gewalt und Abh\u00e4ngigkeit.<\/span><\/div><\/a><\/div>[\/vc_column][vc_column width=&#8221;1\/2&#8243;]<div class=\"gt-banner-box gt-lazy-load\" data-bg=\"https:\/\/hidalgofestival.de\/wp-content\/uploads\/2021\/06\/hidalgo-alpina-max-Ott-0032-Panorama.jpeg\"><a href=\"https:\/\/hidalgofestival.de\/produktion\/fernste-geliebte\/\" target=\"_parent\"><div class=\"gt-content\"><span class=\"primary\">Fernste Geliebte<\/span><span class=\"secondary\">Drei Menschen versuchen verzweifelt, miteinander zu musizieren. Eine S\u00e4ngerin, ein Pianist und eine Klangk\u00fcnstlerin sind in unterschiedlichen Boxen eingeschlossen. Sie k\u00f6nnen sich nicht sehen, nur h\u00f6ren. Auch sie wissen nicht, was in dieser Beethoven-Performance passiert, in der das Publikum Teil des Werks wird.<\/span><\/div><\/a><\/div>[\/vc_column][\/vc_row][vc_row css=&#8221;.vc_custom_1685798016697{margin-top: 40px !important;}&#8221; el_class=&#8221;narrow&#8221;][vc_column][vc_column_text]<\/p>\n<h2>Your contact persons<\/h2>\n<p>We would be happy to personally introduce our productions and other opportunities for cooperation to you.[\/vc_column_text][\/vc_column][\/vc_row][vc_row css=&#8221;.vc_custom_1685798022483{margin-top: 0px !important;}&#8221; el_class=&#8221;narrow&#8221;][vc_column width=&#8221;1\/2&#8243;][vc_column_text]<\/p>\n<h4 style=\"text-align: left;\"><span class=\"TextRun BCX0 SCXW131402002\" lang=\"DE-DE\" xml:lang=\"DE-DE\" data-contrast=\"auto\"><span class=\"NormalTextRun BCX0 SCXW131402002\">Booking<\/span><\/span><\/h4>\n<p>[\/vc_column_text]<div class=\"gt-categorized-contents gt-tab-panel\"><ul class=\"nav gt-nav gt-left\" role=\"tablist\"><li><a href=\"#categorized-speakers-produktionsvertrieb-1\" aria-controls=\"categorized-speakers-produktionsvertrieb\" role=\"tab\" data-toggle=\"tab\" class=\"active\">Kontakt Produktionsvertrieb<\/a><\/li><\/ul><div class=\"tab-content\"><div role=\"tabpanel\" class=\"tab-pane fade active show\" id=\"categorized-speakers-produktionsvertrieb-1\" aria-labelledby=\"categorized-speakers-produktionsvertrieb\"><div class=\"gt-columns gt-column-1\"><div class=\"gt-col\"><div class=\"gt-inner\"><div class=\"gt-speaker gt-style-1\"><div class=\"gt-image\"><a href=\"https:\/\/hidalgofestival.de\/en\/speaker\/georg-richardsen\/\"><img loading=\"lazy\" decoding=\"async\" width=\"615\" height=\"640\" src=\"data:image\/svg+xml,%3Csvg%20xmlns%3D%27http:\/\/www.w3.org\/2000\/svg%27%20viewBox%3D%270%200%203%202%27%3E%3C\/svg%3E\" class=\"attachment-eventchamp-speaker size-eventchamp-speaker gt-lazy-load\" alt=\"\" data-src=\"https:\/\/hidalgofestival.de\/wp-content\/uploads\/2022\/05\/Hidalgo22-team067-e1699991559834-615x640.jpeg\" \/><\/a><\/div><div class=\"gt-content\"><div class=\"gt-name\"><a href=\"https:\/\/hidalgofestival.de\/en\/speaker\/georg-richardsen\/\">Georg Richardsen<\/a><\/div><div class=\"gt-profession\">Booking<\/div><div class=\"gt-social-links\"><ul class=\"gt-social-links\"><li><a href=\"mailto:georg.richardsen@hidalgofestival.de\" target=\"_blank\"><i class=\"far fa-envelope\"><\/i><\/a><\/li><\/ul><\/div><\/div><\/div><\/div><\/div><\/div><\/div><\/div><\/div>[\/vc_column][vc_column width=&#8221;1\/2&#8243;][vc_column_text]<\/p>\n<h4 style=\"text-align: left;\"><span class=\"TextRun BCX0 SCXW131402002\" lang=\"DE-DE\" xml:lang=\"DE-DE\" data-contrast=\"auto\"><span class=\"NormalTextRun BCX0 SCXW131402002\">Kollektiv<\/span><\/span><\/h4>\n<p>[\/vc_column_text][\/vc_column][\/vc_row]<\/p>\n","protected":false},"excerpt":{"rendered":"<p>[vc_row full_width=&#8221;stretch_row&#8221; full_height=&#8221;yes&#8221; css=&#8221;.vc_custom_1699034043438{padding-top: 45% !important;background-image: url(https:\/\/hidalgofestival.de\/wp-content\/uploads\/2021\/06\/hidalgo-boxsalon-prem-max-Ott-0230.jpeg?id=2364) !important;background-position: center !important;background-repeat: no-repeat !important;background-size: cover !important;}&#8221;][vc_column][\/vc_column][\/vc_row][vc_row css=&#8221;.vc_custom_1685797648453{margin-top: 80px !important;}&#8221; el_class=&#8221;narrow&#8221;][vc_column][vc_column_text] Guest performance [\/vc_column_text][vc_column_text] Our own productions are based on song and vocal music. We often celebrate the world premiere at the annual&#8230;<\/p>\n","protected":false},"author":2,"featured_media":0,"parent":7815,"menu_order":5,"comment_status":"closed","ping_status":"closed","template":"","meta":{"footnotes":""},"class_list":["post-7821","page","type-page","status-publish","hentry"],"yoast_head":"<!-- This site is optimized with the Yoast SEO plugin v27.2 - https:\/\/yoast.com\/product\/yoast-seo-wordpress\/ -->\n<title>Guest Performance - HIDALGO<\/title>\n<meta name=\"description\" content=\"We send a selection of particularly acclaimed concert formats from our collective to other theaters and festivals as guest performances.\" \/>\n<meta name=\"robots\" content=\"index, follow, max-snippet:-1, max-image-preview:large, max-video-preview:-1\" \/>\n<link rel=\"canonical\" href=\"https:\/\/hidalgofestival.de\/en\/collective\/guest-performance\/\" \/>\n<meta property=\"og:locale\" content=\"en_US\" \/>\n<meta property=\"og:type\" content=\"article\" \/>\n<meta property=\"og:title\" content=\"Guest Performance - HIDALGO\" \/>\n<meta property=\"og:description\" content=\"We send a selection of particularly acclaimed concert formats from our collective to other theaters and festivals as guest performances.\" \/>\n<meta property=\"og:url\" content=\"https:\/\/hidalgofestival.de\/en\/collective\/guest-performance\/\" \/>\n<meta property=\"og:site_name\" content=\"HIDALGO\" \/>\n<meta property=\"article:modified_time\" content=\"2025-01-27T11:48:00+00:00\" \/>\n<meta name=\"twitter:card\" content=\"summary_large_image\" \/>\n<meta name=\"twitter:label1\" content=\"Est. reading time\" \/>\n\t<meta name=\"twitter:data1\" content=\"2 minutes\" \/>\n<script type=\"application\/ld+json\" class=\"yoast-schema-graph\">{\"@context\":\"https:\/\/schema.org\",\"@graph\":[{\"@type\":\"WebPage\",\"@id\":\"https:\/\/hidalgofestival.de\/en\/collective\/guest-performance\/\",\"url\":\"https:\/\/hidalgofestival.de\/en\/collective\/guest-performance\/\",\"name\":\"Guest Performance - HIDALGO\",\"isPartOf\":{\"@id\":\"https:\/\/hidalgofestival.de\/en\/#website\"},\"datePublished\":\"2023-06-03T13:29:42+00:00\",\"dateModified\":\"2025-01-27T11:48:00+00:00\",\"description\":\"We send a selection of particularly acclaimed concert formats from our collective to other theaters and festivals as guest performances.\",\"breadcrumb\":{\"@id\":\"https:\/\/hidalgofestival.de\/en\/collective\/guest-performance\/#breadcrumb\"},\"inLanguage\":\"en-US\",\"potentialAction\":[{\"@type\":\"ReadAction\",\"target\":[\"https:\/\/hidalgofestival.de\/en\/collective\/guest-performance\/\"]}]},{\"@type\":\"BreadcrumbList\",\"@id\":\"https:\/\/hidalgofestival.de\/en\/collective\/guest-performance\/#breadcrumb\",\"itemListElement\":[{\"@type\":\"ListItem\",\"position\":1,\"name\":\"Startseite\",\"item\":\"https:\/\/hidalgofestival.de\/en\/beispiel-seite\/\"},{\"@type\":\"ListItem\",\"position\":2,\"name\":\"Kollektiv\",\"item\":\"https:\/\/hidalgofestival.de\/en\/collective\/\"},{\"@type\":\"ListItem\",\"position\":3,\"name\":\"Guest Performance\"}]},{\"@type\":\"WebSite\",\"@id\":\"https:\/\/hidalgofestival.de\/en\/#website\",\"url\":\"https:\/\/hidalgofestival.de\/en\/\",\"name\":\"HIDALGO\",\"description\":\"Festival f\u00fcr Junge Klassik\",\"potentialAction\":[{\"@type\":\"SearchAction\",\"target\":{\"@type\":\"EntryPoint\",\"urlTemplate\":\"https:\/\/hidalgofestival.de\/en\/?s={search_term_string}\"},\"query-input\":{\"@type\":\"PropertyValueSpecification\",\"valueRequired\":true,\"valueName\":\"search_term_string\"}}],\"inLanguage\":\"en-US\"}]}<\/script>\n<!-- \/ Yoast SEO plugin. -->","yoast_head_json":{"title":"Guest Performance - HIDALGO","description":"We send a selection of particularly acclaimed concert formats from our collective to other theaters and festivals as guest performances.","robots":{"index":"index","follow":"follow","max-snippet":"max-snippet:-1","max-image-preview":"max-image-preview:large","max-video-preview":"max-video-preview:-1"},"canonical":"https:\/\/hidalgofestival.de\/en\/collective\/guest-performance\/","og_locale":"en_US","og_type":"article","og_title":"Guest Performance - HIDALGO","og_description":"We send a selection of particularly acclaimed concert formats from our collective to other theaters and festivals as guest performances.","og_url":"https:\/\/hidalgofestival.de\/en\/collective\/guest-performance\/","og_site_name":"HIDALGO","article_modified_time":"2025-01-27T11:48:00+00:00","twitter_card":"summary_large_image","twitter_misc":{"Est. reading time":"2 minutes"},"schema":{"@context":"https:\/\/schema.org","@graph":[{"@type":"WebPage","@id":"https:\/\/hidalgofestival.de\/en\/collective\/guest-performance\/","url":"https:\/\/hidalgofestival.de\/en\/collective\/guest-performance\/","name":"Guest Performance - HIDALGO","isPartOf":{"@id":"https:\/\/hidalgofestival.de\/en\/#website"},"datePublished":"2023-06-03T13:29:42+00:00","dateModified":"2025-01-27T11:48:00+00:00","description":"We send a selection of particularly acclaimed concert formats from our collective to other theaters and festivals as guest performances.","breadcrumb":{"@id":"https:\/\/hidalgofestival.de\/en\/collective\/guest-performance\/#breadcrumb"},"inLanguage":"en-US","potentialAction":[{"@type":"ReadAction","target":["https:\/\/hidalgofestival.de\/en\/collective\/guest-performance\/"]}]},{"@type":"BreadcrumbList","@id":"https:\/\/hidalgofestival.de\/en\/collective\/guest-performance\/#breadcrumb","itemListElement":[{"@type":"ListItem","position":1,"name":"Startseite","item":"https:\/\/hidalgofestival.de\/en\/beispiel-seite\/"},{"@type":"ListItem","position":2,"name":"Kollektiv","item":"https:\/\/hidalgofestival.de\/en\/collective\/"},{"@type":"ListItem","position":3,"name":"Guest Performance"}]},{"@type":"WebSite","@id":"https:\/\/hidalgofestival.de\/en\/#website","url":"https:\/\/hidalgofestival.de\/en\/","name":"HIDALGO","description":"Festival f\u00fcr Junge Klassik","potentialAction":[{"@type":"SearchAction","target":{"@type":"EntryPoint","urlTemplate":"https:\/\/hidalgofestival.de\/en\/?s={search_term_string}"},"query-input":{"@type":"PropertyValueSpecification","valueRequired":true,"valueName":"search_term_string"}}],"inLanguage":"en-US"}]}},"_links":{"self":[{"href":"https:\/\/hidalgofestival.de\/en\/wp-json\/wp\/v2\/pages\/7821","targetHints":{"allow":["GET"]}}],"collection":[{"href":"https:\/\/hidalgofestival.de\/en\/wp-json\/wp\/v2\/pages"}],"about":[{"href":"https:\/\/hidalgofestival.de\/en\/wp-json\/wp\/v2\/types\/page"}],"author":[{"embeddable":true,"href":"https:\/\/hidalgofestival.de\/en\/wp-json\/wp\/v2\/users\/2"}],"replies":[{"embeddable":true,"href":"https:\/\/hidalgofestival.de\/en\/wp-json\/wp\/v2\/comments?post=7821"}],"version-history":[{"count":7,"href":"https:\/\/hidalgofestival.de\/en\/wp-json\/wp\/v2\/pages\/7821\/revisions"}],"predecessor-version":[{"id":9632,"href":"https:\/\/hidalgofestival.de\/en\/wp-json\/wp\/v2\/pages\/7821\/revisions\/9632"}],"up":[{"embeddable":true,"href":"https:\/\/hidalgofestival.de\/en\/wp-json\/wp\/v2\/pages\/7815"}],"wp:attachment":[{"href":"https:\/\/hidalgofestival.de\/en\/wp-json\/wp\/v2\/media?parent=7821"}],"curies":[{"name":"wp","href":"https:\/\/api.w.org\/{rel}","templated":true}]}}