{"id":7781,"date":"2021-06-18T15:04:57","date_gmt":"2021-06-18T13:04:57","guid":{"rendered":"https:\/\/hidalgofestival.de\/cosmos\/cooperations\/"},"modified":"2025-01-28T09:55:21","modified_gmt":"2025-01-28T08:55:21","slug":"cooperations","status":"publish","type":"page","link":"https:\/\/hidalgofestival.de\/en\/cosmos\/cooperations\/","title":{"rendered":"Cooperations"},"content":{"rendered":"<p>[vc_row][vc_column][vc_column_text]<\/p>\n<h1 style=\"text-align: center;\"><span class=\"NormalTextRun BCX0 SCXW263839278\">Cooperation Partners<\/span><\/h1>\n<p>[\/vc_column_text][\/vc_column][\/vc_row][vc_row disable_element=&#8221;yes&#8221; css=&#8221;.vc_custom_1695311338206{margin-top: 60px !important;}&#8221;][vc_column css=&#8221;.vc_custom_1624026950062{margin-bottom: 20px !important;}&#8221;]<div class=\"gt-heading gt-dark gt-size1 gt-align-center\"><div class=\"gt-title\">Medienpartner<\/div><\/div>[\/vc_column][vc_column css=&#8221;.vc_custom_1624026956098{margin-bottom: 50px !important;}&#8221;]<div class=\"gt-event-sponsors gt-type-1 gt-style-4\"><div class=\"gt-columns gt-column-space-40 gt-column-4\"><div class=\"gt-col\"><div class=\"gt-inner\"><div class=\"gt-logo\"><img data-src=\"https:\/\/hidalgofestival.de\/wp-content\/uploads\/2021\/06\/Frame-9-250x220.png\" class=\"gt-grayscale-false gt-lazy-load\" alt=\"\"><\/div><\/div><\/div><div class=\"gt-col\"><div class=\"gt-inner\"><div class=\"gt-logo\"><img data-src=\"https:\/\/hidalgofestival.de\/wp-content\/uploads\/2022\/09\/neu_Logo_Crescendo-1-250x220.png\" class=\"gt-grayscale-false gt-lazy-load\" alt=\"\"><\/div><\/div><\/div><div class=\"gt-col\"><div class=\"gt-inner\"><div class=\"gt-logo\"><img data-src=\"https:\/\/hidalgofestival.de\/wp-content\/uploads\/2022\/09\/neu-logo_Rondo-250x220.png\" class=\"gt-grayscale-false gt-lazy-load\" alt=\"\"><\/div><\/div><\/div><div class=\"gt-col\"><div class=\"gt-inner\"><div class=\"gt-logo\"><img data-src=\"https:\/\/hidalgofestival.de\/wp-content\/uploads\/2022\/09\/neu_Logo_Van-250x220.png\" class=\"gt-grayscale-false gt-lazy-load\" alt=\"\"><\/div><\/div><\/div><\/div><\/div>[\/vc_column][\/vc_row][vc_row][vc_column css=&#8221;.vc_custom_1624026950062{margin-bottom: 20px !important;}&#8221;]<div class=\"gt-heading gt-dark gt-size1 gt-align-center\"><div class=\"gt-title\">NETWORK PARTNERS<\/div><\/div>[\/vc_column][vc_column css=&#8221;.vc_custom_1624026956098{margin-bottom: 50px !important;}&#8221;]<div class=\"gt-event-sponsors gt-type-1 gt-style-4\"><div class=\"gt-columns gt-column-space-40 gt-column-4\"><div class=\"gt-col\"><div class=\"gt-inner\"><div class=\"gt-logo\"><img data-src=\"https:\/\/hidalgofestival.de\/wp-content\/uploads\/2022\/09\/Logo-Germanistenverband-250x220.png\" class=\"gt-grayscale-false gt-lazy-load\" alt=\"\"><\/div><\/div><\/div><div class=\"gt-col\"><div class=\"gt-inner\"><div class=\"gt-logo\"><img data-src=\"https:\/\/hidalgofestival.de\/wp-content\/uploads\/2021\/06\/Frame-10-250x220.png\" class=\"gt-grayscale-false gt-lazy-load\" alt=\"\"><\/div><\/div><\/div><div class=\"gt-col\"><div class=\"gt-inner\"><div class=\"gt-logo\"><img data-src=\"https:\/\/hidalgofestival.de\/wp-content\/uploads\/2021\/06\/Frame-11-250x220.png\" class=\"gt-grayscale-false gt-lazy-load\" alt=\"\"><\/div><\/div><\/div><div class=\"gt-col\"><div class=\"gt-inner\"><div class=\"gt-logo\"><img data-src=\"https:\/\/hidalgofestival.de\/wp-content\/uploads\/2022\/09\/Logo-Kunstareal-250x220.png\" class=\"gt-grayscale-false gt-lazy-load\" alt=\"\"><\/div><\/div><\/div><div class=\"gt-col\"><div class=\"gt-inner\"><div class=\"gt-logo\"><img data-src=\"https:\/\/hidalgofestival.de\/wp-content\/uploads\/2022\/09\/Logo-Mozartfest-Augsburg-250x220.png\" class=\"gt-grayscale-false gt-lazy-load\" alt=\"\"><\/div><\/div><\/div><div class=\"gt-col\"><div class=\"gt-inner\"><div class=\"gt-logo\"><img data-src=\"https:\/\/hidalgofestival.de\/wp-content\/uploads\/2022\/09\/Logo-Neue-Sammlung-250x220.png\" class=\"gt-grayscale-false gt-lazy-load\" alt=\"\"><\/div><\/div><\/div><div class=\"gt-col\"><div class=\"gt-inner\"><div class=\"gt-logo\"><img data-src=\"https:\/\/hidalgofestival.de\/wp-content\/uploads\/2022\/09\/Logo-Pinakothek-der-Moderne-250x220.png\" class=\"gt-grayscale-false gt-lazy-load\" alt=\"\"><\/div><\/div><\/div><\/div><\/div>[\/vc_column][\/vc_row][vc_row][vc_column css=&#8221;.vc_custom_1624026950062{margin-bottom: 20px !important;}&#8221;]<div class=\"gt-heading gt-dark gt-size1 gt-align-center\"><div class=\"gt-title\">UNIVERSITY PARTNERS<\/div><\/div>[\/vc_column][vc_column css=&#8221;.vc_custom_1624026956098{margin-bottom: 50px !important;}&#8221;]<div class=\"gt-event-sponsors gt-type-1 gt-style-4\"><div class=\"gt-columns gt-column-space-40 gt-column-4\"><div class=\"gt-col\"><div class=\"gt-inner\"><div class=\"gt-logo\"><img data-src=\"https:\/\/hidalgofestival.de\/wp-content\/uploads\/2021\/06\/Frame-33-1-250x220.png\" class=\"gt-grayscale-false gt-lazy-load\" alt=\"\"><\/div><\/div><\/div><div class=\"gt-col\"><div class=\"gt-inner\"><div class=\"gt-logo\"><img data-src=\"https:\/\/hidalgofestival.de\/wp-content\/uploads\/2021\/06\/Frame-14-250x220.png\" class=\"gt-grayscale-false gt-lazy-load\" alt=\"\"><\/div><\/div><\/div><div class=\"gt-col\"><div class=\"gt-inner\"><div class=\"gt-logo\"><img data-src=\"https:\/\/hidalgofestival.de\/wp-content\/uploads\/2021\/06\/Frame-16-250x220.png\" class=\"gt-grayscale-false gt-lazy-load\" alt=\"\"><\/div><\/div><\/div><div class=\"gt-col\"><div class=\"gt-inner\"><div class=\"gt-logo\"><img data-src=\"https:\/\/hidalgofestival.de\/wp-content\/uploads\/2021\/06\/Frame-17-250x220.png\" class=\"gt-grayscale-false gt-lazy-load\" alt=\"\"><\/div><\/div><\/div><\/div><\/div>[\/vc_column][\/vc_row][vc_row][vc_column css=&#8221;.vc_custom_1624026950062{margin-bottom: 20px !important;}&#8221;]<div class=\"gt-heading gt-dark gt-size1 gt-align-center\"><div class=\"gt-title\">CONSULTING<\/div><\/div>[\/vc_column][vc_column css=&#8221;.vc_custom_1624026956098{margin-bottom: 50px !important;}&#8221;]<div class=\"gt-event-sponsors gt-type-1 gt-style-4\"><div class=\"gt-columns gt-column-space-40 gt-column-4\"><div class=\"gt-col\"><div class=\"gt-inner\"><div class=\"gt-logo\"><img data-src=\"https:\/\/hidalgofestival.de\/wp-content\/uploads\/2021\/06\/Frame-18-250x220.png\" class=\"gt-grayscale-false gt-lazy-load\" alt=\"\"><\/div><\/div><\/div><div class=\"gt-col\"><div class=\"gt-inner\"><div class=\"gt-logo\"><img data-src=\"https:\/\/hidalgofestival.de\/wp-content\/uploads\/2021\/06\/Frame-19-250x220.png\" class=\"gt-grayscale-false gt-lazy-load\" alt=\"\"><\/div><\/div><\/div><div class=\"gt-col\"><div class=\"gt-inner\"><div class=\"gt-logo\"><img data-src=\"https:\/\/hidalgofestival.de\/wp-content\/uploads\/2020\/08\/lgo_impact_hub-250x220.png\" class=\"gt-grayscale-false gt-lazy-load\" alt=\"\"><\/div><\/div><\/div><div class=\"gt-col\"><div class=\"gt-inner\"><div class=\"gt-logo\"><img data-src=\"https:\/\/hidalgofestival.de\/wp-content\/uploads\/2021\/06\/Frame-31-250x220.png\" class=\"gt-grayscale-false gt-lazy-load\" alt=\"\"><\/div><\/div><\/div><\/div><\/div>[\/vc_column][\/vc_row][vc_row][vc_column css=&#8221;.vc_custom_1624026950062{margin-bottom: 20px !important;}&#8221;]<div class=\"gt-heading gt-dark gt-size1 gt-align-center\"><div class=\"gt-title\">MEMBERSHIP<\/div><\/div>[\/vc_column][vc_column css=&#8221;.vc_custom_1624026956098{margin-bottom: 50px !important;}&#8221;]<div class=\"gt-event-sponsors gt-type-1 gt-style-4\"><div class=\"gt-columns gt-column-space-40 gt-column-4\"><div class=\"gt-col\"><div class=\"gt-inner\"><div class=\"gt-logo\"><img data-src=\"https:\/\/hidalgofestival.de\/wp-content\/uploads\/2022\/09\/Logo-Freie-Szene-Muenchen-250x220.png\" class=\"gt-grayscale-false gt-lazy-load\" alt=\"\"><\/div><\/div><\/div><div class=\"gt-col\"><div class=\"gt-inner\"><div class=\"gt-logo\"><img data-src=\"https:\/\/hidalgofestival.de\/wp-content\/uploads\/2022\/09\/Logo-VFDKB-250x220.png\" class=\"gt-grayscale-false gt-lazy-load\" alt=\"\"><\/div><\/div><\/div><div class=\"gt-col\"><div class=\"gt-inner\"><div class=\"gt-logo\"><img data-src=\"https:\/\/hidalgofestival.de\/wp-content\/uploads\/2021\/06\/Frame-34-250x220.png\" class=\"gt-grayscale-false gt-lazy-load\" alt=\"\"><\/div><\/div><\/div><div class=\"gt-col\"><div class=\"gt-inner\"><div class=\"gt-logo\"><img data-src=\"https:\/\/hidalgofestival.de\/wp-content\/uploads\/2022\/09\/Logo-Mittelstand-1-250x220.png\" class=\"gt-grayscale-false gt-lazy-load\" alt=\"\"><\/div><\/div><\/div><\/div><\/div>[\/vc_column][\/vc_row][vc_row][vc_column css=&#8221;.vc_custom_1624026950062{margin-bottom: 20px !important;}&#8221;]<div class=\"gt-heading gt-dark gt-size1 gt-align-center\"><div class=\"gt-title\">COOPERATION PARTNERS<\/div><\/div>[\/vc_column][vc_column css=&#8221;.vc_custom_1624026956098{margin-bottom: 50px !important;}&#8221;]<div class=\"gt-event-sponsors gt-type-1 gt-style-4\"><div class=\"gt-columns gt-column-space-40 gt-column-4\"><div class=\"gt-col\"><div class=\"gt-inner\"><div class=\"gt-logo\"><img data-src=\"https:\/\/hidalgofestival.de\/wp-content\/uploads\/2021\/08\/lgo_egocentric-250x220.png\" class=\"gt-grayscale-false gt-lazy-load\" alt=\"\"><\/div><\/div><\/div><div class=\"gt-col\"><div class=\"gt-inner\"><div class=\"gt-logo\"><img data-src=\"https:\/\/hidalgofestival.de\/wp-content\/uploads\/2022\/09\/Logo-Gaertnerplatztheater-250x220.png\" class=\"gt-grayscale-false gt-lazy-load\" alt=\"\"><\/div><\/div><\/div><div class=\"gt-col\"><div class=\"gt-inner\"><div class=\"gt-logo\"><img data-src=\"https:\/\/hidalgofestival.de\/wp-content\/uploads\/2021\/08\/lgo_gasteig-250x220.png\" class=\"gt-grayscale-false gt-lazy-load\" alt=\"\"><\/div><\/div><\/div><div class=\"gt-col\"><div class=\"gt-inner\"><div class=\"gt-logo\"><img data-src=\"https:\/\/hidalgofestival.de\/wp-content\/uploads\/2022\/09\/Logo-Kulturraum-250x220.png\" class=\"gt-grayscale-false gt-lazy-load\" alt=\"\"><\/div><\/div><\/div><div class=\"gt-col\"><div class=\"gt-inner\"><div class=\"gt-logo\"><img data-src=\"https:\/\/hidalgofestival.de\/wp-content\/uploads\/2022\/09\/Logo-Piano-Fischer-250x220.png\" class=\"gt-grayscale-false gt-lazy-load\" alt=\"\"><\/div><\/div><\/div><div class=\"gt-col\"><div class=\"gt-inner\"><div class=\"gt-logo\"><img data-src=\"https:\/\/hidalgofestival.de\/wp-content\/uploads\/2020\/08\/lgo_steinway-250x220.png\" class=\"gt-grayscale-false gt-lazy-load\" alt=\"\"><\/div><\/div><\/div><div class=\"gt-col\"><div class=\"gt-inner\"><div class=\"gt-logo\"><img data-src=\"https:\/\/hidalgofestival.de\/wp-content\/uploads\/2021\/06\/Frame-29-250x220.png\" class=\"gt-grayscale-false gt-lazy-load\" alt=\"\"><\/div><\/div><\/div><\/div><\/div>[\/vc_column][\/vc_row][vc_row][vc_column css=&#8221;.vc_custom_1624026950062{margin-bottom: 20px !important;}&#8221;]<div class=\"gt-heading gt-dark gt-size1 gt-align-center\"><div class=\"gt-title\">All Partners (2017-2023)<\/div><\/div>[\/vc_column][vc_column][vc_column_text]<\/p>\n<p style=\"text-align: center;\">3 Mills &#8211; Alluvial &#8211; Alpina Parkhaus am Stachus &#8211; Anton Bruckner Private University Linz &#8211; Aqua Monaco &#8211; Ask Helmut &#8211; Augustiner &#8211; B.Ton &#8211; Bahnw\u00e4rter Thiel &#8211; Barber House &#8211; Bayerische Schl\u00f6sserverwaltung &#8211; Bayerische Staatsoper &#8211; Bionade &#8211; Bodhi &#8211; Boston Consulting Group &#8211; Boxwerk M\u00fcnchen &#8211; BR Klassik &#8211; Bundesverband mittelst\u00e4ndische Wirtschaft &#8211; coduco &#8211; Susanne Kleider &#8211; Concerti &#8211; Deutscher Germanistenverband &#8211; Deutsches Jagd- and Fishing Museum &#8211; Die Neue Sammlung &#8211; The Design Museum &#8211; Die Pinakotheken &#8211; Dies Nox &#8211; Doo &#8211; ehret+klein &#8211; Einstein Boulderhalle &#8211; Einstein Kultur &#8211; Eventbrite &#8211; fast forward classical &#8211; Freilich &#8211; G\u00e4rtnerplatztheater &#8211; Gans am Wasser &#8211; Gasteig &#8211; Harry Klein &#8211; Hearthouse &#8211; Heidelberger Fr\u00fchling &#8211; Hochschule f\u00fcr Musik Detmold &#8211; Hochschule f\u00fcr Musik und Theater M\u00fcnchen &#8211; Hotel Bayerischer Hof &#8211; ID Festival &#8211; Impact Hub Munich &#8211; Klassik Radio &#8211; Kulturraum M\u00fcnchen &#8211; Kulturzentrum LUISE &#8211; Kunstareal M\u00fcnchen &#8211; Lemonaid &amp; Charitea &#8211; Les Amis Du Vin &#8211; Microsoft Germany &#8211; Mozartfest Augsburg &#8211; MucBook &#8211; muenchen.de &#8211; M\u00fcnchen Ticket &#8211; MunichMag &#8211; Musikhochschule Freiburg &#8211; Netzwerk Freie Szene M\u00fcnchen &#8211; Paulaner Zwickl &#8211; Peace Love Rock &#8211; Piano Fischer &#8211; Pinakothek der Moderne &#8211; Rabenwirt &#8211; Screencraft Entertainment &#8211; Staatstheater am G\u00e4rtnerplatz &#8211; Startnext &#8211; Steinway &amp; Sons &#8211; Str\u00f6er &#8211; Strom Club &#8211; S\u00fcddeutsche Zeitung &#8211; Sugar Mountain &#8211; Sweet Spot &#8211; Tascam &#8211; The Illusionist &#8211; The Lovelace &#8211; Theatergemeinde M\u00fcnchen &#8211; Tilmans &#8211; Verband der M\u00fcnchener Kulturveranstalter &#8211; Verband Freie Darstellende K\u00fcnste Bayern &#8211; VT Veranstaltungstechnik &#8211; Wannda &#8211; What If<\/p>\n<p>[\/vc_column_text][\/vc_column][\/vc_row]<\/p>\n","protected":false},"excerpt":{"rendered":"<p>[vc_row][vc_column][vc_column_text] Cooperation Partners [\/vc_column_text][\/vc_column][\/vc_row][vc_row disable_element=&#8221;yes&#8221; css=&#8221;.vc_custom_1695311338206{margin-top: 60px !important;}&#8221;][vc_column css=&#8221;.vc_custom_1624026950062{margin-bottom: 20px !important;}&#8221;][\/vc_column][vc_column css=&#8221;.vc_custom_1624026956098{margin-bottom: 50px !important;}&#8221;][\/vc_column][\/vc_row][vc_row][vc_column css=&#8221;.vc_custom_1624026950062{margin-bottom: 20px !important;}&#8221;][\/vc_column][vc_column css=&#8221;.vc_custom_1624026956098{margin-bottom: 50px !important;}&#8221;][\/vc_column][\/vc_row][vc_row][vc_column css=&#8221;.vc_custom_1624026950062{margin-bottom: 20px !important;}&#8221;][\/vc_column][vc_column css=&#8221;.vc_custom_1624026956098{margin-bottom: 50px !important;}&#8221;][\/vc_column][\/vc_row][vc_row][vc_column css=&#8221;.vc_custom_1624026950062{margin-bottom: 20px !important;}&#8221;][\/vc_column][vc_column css=&#8221;.vc_custom_1624026956098{margin-bottom: 50px !important;}&#8221;][\/vc_column][\/vc_row][vc_row][vc_column css=&#8221;.vc_custom_1624026950062{margin-bottom: 20px !important;}&#8221;][\/vc_column][vc_column css=&#8221;.vc_custom_1624026956098{margin-bottom: 50px !important;}&#8221;][\/vc_column][\/vc_row][vc_row][vc_column css=&#8221;.vc_custom_1624026950062{margin-bottom: 20px&#8230;<\/p>\n","protected":false},"author":1,"featured_media":0,"parent":7709,"menu_order":1,"comment_status":"closed","ping_status":"closed","template":"","meta":{"footnotes":""},"class_list":["post-7781","page","type-page","status-publish","hentry"],"yoast_head":"<!-- This site is optimized with the Yoast SEO plugin v27.2 - https:\/\/yoast.com\/product\/yoast-seo-wordpress\/ -->\n<title>Cooperations - HIDALGO<\/title>\n<meta name=\"description\" content=\"Many of our projects come to life with the help of our network of cooperation partners that support us in various ways\" \/>\n<meta name=\"robots\" content=\"index, follow, max-snippet:-1, max-image-preview:large, max-video-preview:-1\" \/>\n<link rel=\"canonical\" href=\"https:\/\/hidalgofestival.de\/en\/cosmos\/cooperations\/\" \/>\n<meta property=\"og:locale\" content=\"en_US\" \/>\n<meta property=\"og:type\" content=\"article\" \/>\n<meta property=\"og:title\" content=\"Cooperations - HIDALGO\" \/>\n<meta property=\"og:description\" content=\"Many of our projects come to life with the help of our network of cooperation partners that support us in various ways\" \/>\n<meta property=\"og:url\" content=\"https:\/\/hidalgofestival.de\/en\/cosmos\/cooperations\/\" \/>\n<meta property=\"og:site_name\" content=\"HIDALGO\" \/>\n<meta property=\"article:modified_time\" content=\"2025-01-28T08:55:21+00:00\" \/>\n<meta name=\"twitter:card\" content=\"summary_large_image\" \/>\n<meta name=\"twitter:label1\" content=\"Est. reading time\" \/>\n\t<meta name=\"twitter:data1\" content=\"2 minutes\" \/>\n<script type=\"application\/ld+json\" class=\"yoast-schema-graph\">{\"@context\":\"https:\/\/schema.org\",\"@graph\":[{\"@type\":\"WebPage\",\"@id\":\"https:\/\/hidalgofestival.de\/en\/cosmos\/cooperations\/\",\"url\":\"https:\/\/hidalgofestival.de\/en\/cosmos\/cooperations\/\",\"name\":\"Cooperations - HIDALGO\",\"isPartOf\":{\"@id\":\"https:\/\/hidalgofestival.de\/en\/#website\"},\"datePublished\":\"2021-06-18T13:04:57+00:00\",\"dateModified\":\"2025-01-28T08:55:21+00:00\",\"description\":\"Many of our projects come to life with the help of our network of cooperation partners that support us in various ways\",\"breadcrumb\":{\"@id\":\"https:\/\/hidalgofestival.de\/en\/cosmos\/cooperations\/#breadcrumb\"},\"inLanguage\":\"en-US\",\"potentialAction\":[{\"@type\":\"ReadAction\",\"target\":[\"https:\/\/hidalgofestival.de\/en\/cosmos\/cooperations\/\"]}]},{\"@type\":\"BreadcrumbList\",\"@id\":\"https:\/\/hidalgofestival.de\/en\/cosmos\/cooperations\/#breadcrumb\",\"itemListElement\":[{\"@type\":\"ListItem\",\"position\":1,\"name\":\"Startseite\",\"item\":\"https:\/\/hidalgofestival.de\/en\/beispiel-seite\/\"},{\"@type\":\"ListItem\",\"position\":2,\"name\":\"More\",\"item\":\"https:\/\/hidalgofestival.de\/en\/cosmos\/\"},{\"@type\":\"ListItem\",\"position\":3,\"name\":\"Cooperations\"}]},{\"@type\":\"WebSite\",\"@id\":\"https:\/\/hidalgofestival.de\/en\/#website\",\"url\":\"https:\/\/hidalgofestival.de\/en\/\",\"name\":\"HIDALGO\",\"description\":\"Festival f\u00fcr Junge Klassik\",\"potentialAction\":[{\"@type\":\"SearchAction\",\"target\":{\"@type\":\"EntryPoint\",\"urlTemplate\":\"https:\/\/hidalgofestival.de\/en\/?s={search_term_string}\"},\"query-input\":{\"@type\":\"PropertyValueSpecification\",\"valueRequired\":true,\"valueName\":\"search_term_string\"}}],\"inLanguage\":\"en-US\"}]}<\/script>\n<!-- \/ Yoast SEO plugin. -->","yoast_head_json":{"title":"Cooperations - HIDALGO","description":"Many of our projects come to life with the help of our network of cooperation partners that support us in various ways","robots":{"index":"index","follow":"follow","max-snippet":"max-snippet:-1","max-image-preview":"max-image-preview:large","max-video-preview":"max-video-preview:-1"},"canonical":"https:\/\/hidalgofestival.de\/en\/cosmos\/cooperations\/","og_locale":"en_US","og_type":"article","og_title":"Cooperations - HIDALGO","og_description":"Many of our projects come to life with the help of our network of cooperation partners that support us in various ways","og_url":"https:\/\/hidalgofestival.de\/en\/cosmos\/cooperations\/","og_site_name":"HIDALGO","article_modified_time":"2025-01-28T08:55:21+00:00","twitter_card":"summary_large_image","twitter_misc":{"Est. reading time":"2 minutes"},"schema":{"@context":"https:\/\/schema.org","@graph":[{"@type":"WebPage","@id":"https:\/\/hidalgofestival.de\/en\/cosmos\/cooperations\/","url":"https:\/\/hidalgofestival.de\/en\/cosmos\/cooperations\/","name":"Cooperations - HIDALGO","isPartOf":{"@id":"https:\/\/hidalgofestival.de\/en\/#website"},"datePublished":"2021-06-18T13:04:57+00:00","dateModified":"2025-01-28T08:55:21+00:00","description":"Many of our projects come to life with the help of our network of cooperation partners that support us in various ways","breadcrumb":{"@id":"https:\/\/hidalgofestival.de\/en\/cosmos\/cooperations\/#breadcrumb"},"inLanguage":"en-US","potentialAction":[{"@type":"ReadAction","target":["https:\/\/hidalgofestival.de\/en\/cosmos\/cooperations\/"]}]},{"@type":"BreadcrumbList","@id":"https:\/\/hidalgofestival.de\/en\/cosmos\/cooperations\/#breadcrumb","itemListElement":[{"@type":"ListItem","position":1,"name":"Startseite","item":"https:\/\/hidalgofestival.de\/en\/beispiel-seite\/"},{"@type":"ListItem","position":2,"name":"More","item":"https:\/\/hidalgofestival.de\/en\/cosmos\/"},{"@type":"ListItem","position":3,"name":"Cooperations"}]},{"@type":"WebSite","@id":"https:\/\/hidalgofestival.de\/en\/#website","url":"https:\/\/hidalgofestival.de\/en\/","name":"HIDALGO","description":"Festival f\u00fcr Junge Klassik","potentialAction":[{"@type":"SearchAction","target":{"@type":"EntryPoint","urlTemplate":"https:\/\/hidalgofestival.de\/en\/?s={search_term_string}"},"query-input":{"@type":"PropertyValueSpecification","valueRequired":true,"valueName":"search_term_string"}}],"inLanguage":"en-US"}]}},"_links":{"self":[{"href":"https:\/\/hidalgofestival.de\/en\/wp-json\/wp\/v2\/pages\/7781","targetHints":{"allow":["GET"]}}],"collection":[{"href":"https:\/\/hidalgofestival.de\/en\/wp-json\/wp\/v2\/pages"}],"about":[{"href":"https:\/\/hidalgofestival.de\/en\/wp-json\/wp\/v2\/types\/page"}],"author":[{"embeddable":true,"href":"https:\/\/hidalgofestival.de\/en\/wp-json\/wp\/v2\/users\/1"}],"replies":[{"embeddable":true,"href":"https:\/\/hidalgofestival.de\/en\/wp-json\/wp\/v2\/comments?post=7781"}],"version-history":[{"count":4,"href":"https:\/\/hidalgofestival.de\/en\/wp-json\/wp\/v2\/pages\/7781\/revisions"}],"predecessor-version":[{"id":9667,"href":"https:\/\/hidalgofestival.de\/en\/wp-json\/wp\/v2\/pages\/7781\/revisions\/9667"}],"up":[{"embeddable":true,"href":"https:\/\/hidalgofestival.de\/en\/wp-json\/wp\/v2\/pages\/7709"}],"wp:attachment":[{"href":"https:\/\/hidalgofestival.de\/en\/wp-json\/wp\/v2\/media?parent=7781"}],"curies":[{"name":"wp","href":"https:\/\/api.w.org\/{rel}","templated":true}]}}