{"id":7769,"date":"2023-11-04T13:06:09","date_gmt":"2023-11-04T12:06:09","guid":{"rendered":"https:\/\/hidalgofestival.de\/classic-start-up\/"},"modified":"2025-01-27T15:42:47","modified_gmt":"2025-01-27T14:42:47","slug":"classical-music-start-up","status":"publish","type":"page","link":"https:\/\/hidalgofestival.de\/en\/classical-music-start-up\/","title":{"rendered":"Classical Music Start-Up"},"content":{"rendered":"<p>[vc_row full_width=&#8221;stretch_row_content&#8221; full_height=&#8221;yes&#8221; background-position=&#8221;center-center&#8221;][vc_column]\n\t\t\t<!-- START Slider Start Up REVOLUTION SLIDER 6.2.4 --><p class=\"rs-p-wp-fix\"><\/p>\n\t\t\t<rs-module-wrap id=\"rev_slider_26_1_wrapper\" data-source=\"gallery\" style=\"background:transparent;padding:0;\">\n\t\t\t\t<rs-module id=\"rev_slider_26_1\" style=\"\" data-version=\"6.2.4\">\n\t\t\t\t\t<rs-slides>\n\t\t\t\t\t\t<rs-slide data-key=\"rs-58\" data-title=\"Slide\" data-anim=\"ei:d;eo:d;s:1000;r:0;t:fade;sl:0;\">\n\t\t\t\t\t\t\t<img loading=\"lazy\" decoding=\"async\" src=\"\/\/hidalgofestival.de\/wp-content\/uploads\/2021\/06\/fuck-up-night-probe05-21-1137-1.jpeg\" title=\"fuck-up-night-probe05-21-1137\" width=\"1920\" height=\"1281\" class=\"rev-slidebg\" data-no-retina>\n<!--\n\t\t\t\t\t\t\t--><rs-layer\n\t\t\t\t\t\t\t\tid=\"slider-26-slide-58-layer-2\" \n\t\t\t\t\t\t\t\tdata-type=\"shape\"\n\t\t\t\t\t\t\t\tdata-rsp_ch=\"on\"\n\t\t\t\t\t\t\t\tdata-text=\"w:normal;\"\n\t\t\t\t\t\t\t\tdata-dim=\"w:100%;h:100%;\"\n\t\t\t\t\t\t\t\tdata-basealign=\"slide\"\n\t\t\t\t\t\t\t\tdata-frame_999=\"o:0;st:w;\"\n\t\t\t\t\t\t\t\tstyle=\"z-index:8;background-color:rgba(0,0,0,0.5);\"\n\t\t\t\t\t\t\t> \n\t\t\t\t\t\t\t<\/rs-layer><!--\n\n\t\t\t\t\t\t\t--><rs-layer\n\t\t\t\t\t\t\t\tid=\"slider-26-slide-58-layer-3\" \n\t\t\t\t\t\t\t\tdata-type=\"text\"\n\t\t\t\t\t\t\t\tdata-color=\"#ffffff\"\n\t\t\t\t\t\t\t\tdata-rsp_ch=\"on\"\n\t\t\t\t\t\t\t\tdata-xy=\"x:c;y:c;yo:156px;\"\n\t\t\t\t\t\t\t\tdata-text=\"w:normal;s:110;l:177;ls:7;a:center;\"\n\t\t\t\t\t\t\t\tdata-dim=\"w:1143;\"\n\t\t\t\t\t\t\t\tdata-frame_999=\"o:0;st:w;\"\n\t\t\t\t\t\t\t\tstyle=\"z-index:9;font-family:Josefin Sans;text-transform:uppercase;\"\n\t\t\t\t\t\t\t>Classical Music Start-UP \n\t\t\t\t\t\t\t<\/rs-layer><!--\n\n\t\t\t\t\t\t\t--><rs-layer\n\t\t\t\t\t\t\t\tid=\"slider-26-slide-58-layer-5\" \n\t\t\t\t\t\t\t\tdata-type=\"image\"\n\t\t\t\t\t\t\t\tdata-rsp_ch=\"on\"\n\t\t\t\t\t\t\t\tdata-xy=\"x:c;y:c;yo:-109px;\"\n\t\t\t\t\t\t\t\tdata-text=\"w:normal;\"\n\t\t\t\t\t\t\t\tdata-dim=\"w:782px;h:144px;\"\n\t\t\t\t\t\t\t\tdata-frame_999=\"o:0;st:w;\"\n\t\t\t\t\t\t\t\tstyle=\"z-index:10;\"\n\t\t\t\t\t\t\t><img loading=\"lazy\" decoding=\"async\" src=\"\/\/hidalgofestival.de\/wp-content\/uploads\/2020\/08\/HDLG_CI2_Typo_WHT@2x-1.png\" width=\"1201\" height=\"221\" data-no-retina> \n\t\t\t\t\t\t\t<\/rs-layer><!--\n-->\t\t\t\t\t\t<\/rs-slide>\n\t\t\t\t\t<\/rs-slides>\n\t\t\t\t\t<rs-progress class=\"rs-bottom\" style=\"visibility: hidden !important;\"><\/rs-progress>\n\t\t\t\t<\/rs-module>\n\t\t\t\t<script type=\"text\/javascript\">\n\t\t\t\t\tsetREVStartSize({c: 'rev_slider_26_1',rl:[1240,1024,778,480],el:[900],gw:[1240],gh:[900],type:'hero',justify:'',layout:'fullscreen',offsetContainer:'',offset:'',mh:\"0\"});\n\t\t\t\t\tvar\trevapi26,\n\t\t\t\t\t\ttpj;\n\t\t\t\t\tjQuery(function() {\n\t\t\t\t\t\ttpj = jQuery;\n\t\t\t\t\t\trevapi26 = tpj(\"#rev_slider_26_1\")\n\t\t\t\t\t\tif(revapi26==undefined || revapi26.revolution == undefined){\n\t\t\t\t\t\t\trevslider_showDoubleJqueryError(\"rev_slider_26_1\");\n\t\t\t\t\t\t}else{\n\t\t\t\t\t\t\trevapi26.revolution({\n\t\t\t\t\t\t\t\tsliderType:\"hero\",\n\t\t\t\t\t\t\t\tsliderLayout:\"fullscreen\",\n\t\t\t\t\t\t\t\tvisibilityLevels:\"1240,1024,778,480\",\n\t\t\t\t\t\t\t\tgridwidth:1240,\n\t\t\t\t\t\t\t\tgridheight:900,\n\t\t\t\t\t\t\t\tspinner:\"spinner8\",\n\t\t\t\t\t\t\t\tperspective:600,\n\t\t\t\t\t\t\t\tperspectiveType:\"global\",\n\t\t\t\t\t\t\t\tspinnerclr:\"#dd3333\",\n\t\t\t\t\t\t\t\teditorheight:\"900,768,960,720\",\n\t\t\t\t\t\t\t\tresponsiveLevels:\"1240,1024,778,480\",\n\t\t\t\t\t\t\t\tdisableProgressBar:\"on\",\n\t\t\t\t\t\t\t\tnavigation: {\n\t\t\t\t\t\t\t\t\tonHoverStop:false\n\t\t\t\t\t\t\t\t},\n\t\t\t\t\t\t\t\tfallbacks: {\n\t\t\t\t\t\t\t\t\tallowHTML5AutoPlayOnAndroid:true\n\t\t\t\t\t\t\t\t},\n\t\t\t\t\t\t\t});\n\t\t\t\t\t\t}\n\t\t\t\t\t\t\n\t\t\t\t\t});\n\t\t\t\t<\/script>\n\t\t\t<\/rs-module-wrap>\n\t\t\t<!-- END REVOLUTION SLIDER -->\n[\/vc_column][\/vc_row][vc_row full_width=&#8221;stretch_row&#8221; full_height=&#8221;yes&#8221; css=&#8221;.vc_custom_1699044194461{background-color: #000000 !important;}&#8221;][vc_column][vc_column_text css=&#8221;.vc_custom_1737987012006{padding-bottom: 50px !important;}&#8221;]<\/p>\n<h2>HIDALGO started out as a small, passionate group of friends. We initially set up a small association to perform new, unusual concert formats. As HIDALGO grew, we founded the non-profit HIDALGO gGmbH. Our artistic formats have been created here since 2020.<\/h2>\n<p>[\/vc_column_text][\/vc_column][\/vc_row][vc_row full_width=&#8221;stretch_row_content&#8221; full_height=&#8221;yes&#8221; background-position=&#8221;center-center&#8221; background-attachment=&#8221;fixed&#8221; css=&#8221;.vc_custom_1699098210348{background-image: url(https:\/\/hidalgofestival.de\/wp-content\/uploads\/2021\/05\/Hildago_9_Ronja-Ott.jpg?id=1945) !important;}&#8221;][vc_column][\/vc_column][\/vc_row][vc_row full_width=&#8221;stretch_row&#8221; css=&#8221;.vc_custom_1699097608524{background-color: #000000 !important;}&#8221;][vc_column][vc_column_text css=&#8221;.vc_custom_1737987169763{padding-bottom: 50px !important;}&#8221;]<\/p>\n<h2>When new projects start, our small core team brings in artists, cultural managers and technicians from our network. We produce for our own <strong><a href=\"https:\/\/hidalgofestival.de\/en\/festival-for-young-classical-music\/\">festival<\/a><\/strong> and as <a href=\"https:\/\/hidalgofestival.de\/en\/collective\/co-production\/\"><strong>co-producers<\/strong><\/a> for other festivals and organizers. Our work is divided internally into five areas of responsibility.<\/h2>\n<p>[\/vc_column_text][\/vc_column][\/vc_row][vc_row full_width=&#8221;stretch_row&#8221; css=&#8221;.vc_custom_1699095999063{background-color: #000000 !important;}&#8221;][vc_column][vc_hoverbox image=&#8221;7062&#8243; primary_title=&#8221;Art &amp; Development&#8221; hover_title=&#8221;Art &amp; Development&#8221; shape=&#8221;square&#8221; hover_background_color=&#8221;juicy-pink&#8221;]Our artistic department is our engine of innovation: this is where ideas pile up, sometimes stored in a drawer for months and suddenly transformed into intoxicating productions after passionate discussion. For such live moments, our team exchanges ideas with the artists in our network, draws inspiration from other exciting projects\u2014and sometimes invites them to perform with us as guests. The team defines the artistic framework for the festival, within which the program develops in continuous coordination. The new HIDALGO Kollektiv is also organized here.[\/vc_hoverbox][\/vc_column][\/vc_row][vc_row full_width=&#8221;stretch_row&#8221; css=&#8221;.vc_custom_1699095999063{background-color: #000000 !important;}&#8221;][vc_column][vc_hoverbox image=&#8221;7658&#8243; primary_title=&#8221;Performance &amp; Production Operations&#8221; hover_title=&#8221;Performance &amp; Production Operations&#8221; shape=&#8221;square&#8221; hover_background_color=&#8221;juicy-pink&#8221;]All the threads come together with our project managers and logistics department: Artists, pianos and venues are booked, schedules are drawn up, rehearsals are organized and hall plans are designed. Budget plans have to be checked, participants and helpers assigned and caterers ordered. Our technical team is responsible for safety at events, while in our productions it sets up stages and installations, brings light into the darkness and maintains good sound. Depending on requirements, we coordinate the front of house and back of house\u2014and optimize what can be done better next time in follow-up discussions with the whole team.[\/vc_hoverbox][\/vc_column][\/vc_row][vc_row full_width=&#8221;stretch_row&#8221; css=&#8221;.vc_custom_1699095999063{background-color: #000000 !important;}&#8221;][vc_column][vc_hoverbox image=&#8221;7641&#8243; primary_title=&#8221;Marketing&#8221; hover_title=&#8221;Marketing&#8221; shape=&#8221;square&#8221; hover_background_color=&#8221;juicy-pink&#8221;]Our Marketing department tells the HIDALGO story\u2014fresh, up-close and to the point. The communications team plans campaigns, produces photo shootings, shoots videos, designs banners, writes flyers and brochures and sends newsletters to various target and demand groups. Together with our PR agency, it informs the press, manages interviews, places advertisements and maintains our online channels. Accompanying event formats are also created here as part of the overall program. Ticketing manages ticket sales, gives out free social tickets to demand groups and plans the relationship with the audience.[\/vc_hoverbox][\/vc_column][\/vc_row][vc_row full_width=&#8221;stretch_row&#8221; css=&#8221;.vc_custom_1699095999063{background-color: #000000 !important;}&#8221;][vc_column][vc_hoverbox image=&#8221;7668&#8243; primary_title=&#8221;Development&#8221; hover_title=&#8221;Development&#8221; shape=&#8221;square&#8221; hover_background_color=&#8221;juicy-pink&#8221;]In the area of fundraising, we provide the funds to ensure that HIDALGO regularly sets off on new adventures. We talk to authorities, foundations and companies and manage the complex process from concept to project accounting. We build long-term relationships with private donors from which everyone benefits. We also sell advertisements and find good packages for our sponsors. In the area of booking, we drum up publicity for the work of our Kollektiv at other theatres and festivals. We then perform our finished productions as well as completely new, exclusively developed formats, productions and installations for and with others.[\/vc_hoverbox][\/vc_column][\/vc_row][vc_row full_width=&#8221;stretch_row&#8221; css=&#8221;.vc_custom_1715329793745{padding-bottom: 60px !important;background-color: #000000 !important;}&#8221;][vc_column][vc_hoverbox image=&#8221;7669&#8243; primary_title=&#8221;Administration&#8221; hover_title=&#8221;Administration&#8221; shape=&#8221;square&#8221; hover_background_color=&#8221;juicy-pink&#8221;]In our HIDALGO office, appointments are coordinated, birthday cards are written and ingenious plans are made in the sunny courtyard. In Munich&#8217;s Maxvorstadt district, our administration department bundles all central services: it is responsible for finance, controlling and taxation, prepares invoices and processes internal orders. It manages insurance, contracts and legal matters, ensures documentation and manages our warehouse and archive. Thanks to our office-based IT infrastructure, we have been working decentrally at HIDALGO right from the start\u2014but we are also happy to invite people to our office and meeting rooms.[\/vc_hoverbox][\/vc_column][\/vc_row][vc_row full_width=&#8221;stretch_row&#8221; disable_element=&#8221;yes&#8221; css=&#8221;.vc_custom_1715329744337{padding-bottom: 50px !important;background-color: #000000 !important;}&#8221;][vc_column][vc_hoverbox image=&#8221;7474&#8243; primary_title=&#8221;People &amp; Culture&#8221; hover_title=&#8221;People &amp; Culture&#8221; shape=&#8221;square&#8221; hover_background_color=&#8221;juicy-pink&#8221;]In unserem Team kommen zusammen: Haupt- und Ehrenamtliche, Berufst\u00e4tige und Studierende, leidenschaftliche Kreative und Professionelle aller Gewerke. Im Bereich People &amp; Culture sorgen wir daf\u00fcr, dass es allen gut geht und wir mit den richtigen K\u00f6pfen und Werten wachsen. Hier b\u00fcndeln wir alle Aufgaben vom Recruiting und Onboarding \u00fcber die Team-Pflege bis zum Offboarding. Wir betreuen die Volunteer-Crew und sind Gastgeber*innen f\u00fcr unsere Artists. Die vielen Menschen im HIDALGO Kosmos sehen wir als langfristige Partner. Unsere Arbeitskultur entwickeln wir stetig weiter und sind Ansprechpartner*innen bei Problemen.[\/vc_hoverbox][\/vc_column][\/vc_row][vc_row full_width=&#8221;stretch_row_content&#8221; full_height=&#8221;yes&#8221; background-position=&#8221;top-center&#8221; background-attachment=&#8221;fixed&#8221; css=&#8221;.vc_custom_1699098993130{background-image: url(https:\/\/hidalgofestival.de\/wp-content\/uploads\/2021\/05\/Partner_hidalgo2019-tiefsee-max-ott0022.jpg?id=1620) !important;background-position: center !important;background-repeat: no-repeat !important;background-size: cover !important;}&#8221;][vc_column][\/vc_column][\/vc_row][vc_row full_width=&#8221;stretch_row&#8221;][vc_column][vc_column_text css=&#8221;.vc_custom_1737988685929{padding-bottom: 50px !important;}&#8221;]<\/p>\n<h2>In our <strong><a href=\"https:\/\/hidalgofestival.de\/en\/cosmos\/organization\/\">team<\/a><\/strong>, professionals and volunteers from various areas come together.<\/h2>\n<h2>We work with a <strong><a href=\"https:\/\/hidalgofestival.de\/en\/cosmos\/cooperations\/\">network<\/a><\/strong> of cultural, university, event and business partners.<\/h2>\n<h2>The <strong><a href=\"https:\/\/hidalgofestival.de\/en\/cosmos\/board-of-trustees\/\">HIDALGO Board of Trustees<\/a><\/strong> and its members support the HIDALGO with expert knowledge and help open doors.<\/h2>\n<h2>Our patron is the art song specialist and star baritone <a href=\"https:\/\/hidalgofestival.de\/kosmos\/schirmherr\/\"><strong>Christian Gerhaher<\/strong><\/a>.<\/h2>\n<h2>Our projects are made possible by numerous <strong><a href=\"https:\/\/hidalgofestival.de\/en\/commitment\/our-partners\/\">supporters &amp; sponsors<\/a><\/strong>.<\/h2>\n<p>[\/vc_column_text][\/vc_column][\/vc_row]<\/p>\n","protected":false},"excerpt":{"rendered":"<p>[vc_row full_width=&#8221;stretch_row_content&#8221; full_height=&#8221;yes&#8221; background-position=&#8221;center-center&#8221;][vc_column][\/vc_column][\/vc_row][vc_row full_width=&#8221;stretch_row&#8221; full_height=&#8221;yes&#8221; css=&#8221;.vc_custom_1699044194461{background-color: #000000 !important;}&#8221;][vc_column][vc_column_text css=&#8221;.vc_custom_1737987012006{padding-bottom: 50px !important;}&#8221;] HIDALGO started out as a small, passionate group of friends. We initially set up a small association to perform new, unusual concert formats. As HIDALGO grew, we founded&#8230;<\/p>\n","protected":false},"author":2,"featured_media":0,"parent":0,"menu_order":3,"comment_status":"closed","ping_status":"closed","template":"","meta":{"footnotes":""},"class_list":["post-7769","page","type-page","status-publish","hentry"],"yoast_head":"<!-- This site is optimized with the Yoast SEO plugin v27.2 - https:\/\/yoast.com\/product\/yoast-seo-wordpress\/ -->\n<title>Classical Music Start-Up - HIDALGO<\/title>\n<meta name=\"description\" content=\"HIDALGO started out as a passionate circle of friends, now a non-profit gGmbH supports the artistic productions\" \/>\n<meta name=\"robots\" content=\"index, follow, max-snippet:-1, max-image-preview:large, max-video-preview:-1\" \/>\n<link rel=\"canonical\" href=\"https:\/\/hidalgofestival.de\/en\/classical-music-start-up\/\" \/>\n<meta property=\"og:locale\" content=\"en_US\" \/>\n<meta property=\"og:type\" content=\"article\" \/>\n<meta property=\"og:title\" content=\"Classical Music Start-Up - HIDALGO\" \/>\n<meta property=\"og:description\" content=\"HIDALGO started out as a passionate circle of friends, now a non-profit gGmbH supports the artistic productions\" \/>\n<meta property=\"og:url\" content=\"https:\/\/hidalgofestival.de\/en\/classical-music-start-up\/\" \/>\n<meta property=\"og:site_name\" content=\"HIDALGO\" \/>\n<meta property=\"article:modified_time\" content=\"2025-01-27T14:42:47+00:00\" \/>\n<meta name=\"twitter:card\" content=\"summary_large_image\" \/>\n<meta name=\"twitter:label1\" content=\"Est. reading time\" \/>\n\t<meta name=\"twitter:data1\" content=\"5 minutes\" \/>\n<script type=\"application\/ld+json\" class=\"yoast-schema-graph\">{\"@context\":\"https:\/\/schema.org\",\"@graph\":[{\"@type\":\"WebPage\",\"@id\":\"https:\/\/hidalgofestival.de\/en\/classical-music-start-up\/\",\"url\":\"https:\/\/hidalgofestival.de\/en\/classical-music-start-up\/\",\"name\":\"Classical Music Start-Up - HIDALGO\",\"isPartOf\":{\"@id\":\"https:\/\/hidalgofestival.de\/en\/#website\"},\"datePublished\":\"2023-11-04T12:06:09+00:00\",\"dateModified\":\"2025-01-27T14:42:47+00:00\",\"description\":\"HIDALGO started out as a passionate circle of friends, now a non-profit gGmbH supports the artistic productions\",\"breadcrumb\":{\"@id\":\"https:\/\/hidalgofestival.de\/en\/classical-music-start-up\/#breadcrumb\"},\"inLanguage\":\"en-US\",\"potentialAction\":[{\"@type\":\"ReadAction\",\"target\":[\"https:\/\/hidalgofestival.de\/en\/classical-music-start-up\/\"]}]},{\"@type\":\"BreadcrumbList\",\"@id\":\"https:\/\/hidalgofestival.de\/en\/classical-music-start-up\/#breadcrumb\",\"itemListElement\":[{\"@type\":\"ListItem\",\"position\":1,\"name\":\"Startseite\",\"item\":\"https:\/\/hidalgofestival.de\/en\/beispiel-seite\/\"},{\"@type\":\"ListItem\",\"position\":2,\"name\":\"Classical Music Start-Up\"}]},{\"@type\":\"WebSite\",\"@id\":\"https:\/\/hidalgofestival.de\/en\/#website\",\"url\":\"https:\/\/hidalgofestival.de\/en\/\",\"name\":\"HIDALGO\",\"description\":\"Festival f\u00fcr Junge Klassik\",\"potentialAction\":[{\"@type\":\"SearchAction\",\"target\":{\"@type\":\"EntryPoint\",\"urlTemplate\":\"https:\/\/hidalgofestival.de\/en\/?s={search_term_string}\"},\"query-input\":{\"@type\":\"PropertyValueSpecification\",\"valueRequired\":true,\"valueName\":\"search_term_string\"}}],\"inLanguage\":\"en-US\"}]}<\/script>\n<!-- \/ Yoast SEO plugin. -->","yoast_head_json":{"title":"Classical Music Start-Up - HIDALGO","description":"HIDALGO started out as a passionate circle of friends, now a non-profit gGmbH supports the artistic productions","robots":{"index":"index","follow":"follow","max-snippet":"max-snippet:-1","max-image-preview":"max-image-preview:large","max-video-preview":"max-video-preview:-1"},"canonical":"https:\/\/hidalgofestival.de\/en\/classical-music-start-up\/","og_locale":"en_US","og_type":"article","og_title":"Classical Music Start-Up - HIDALGO","og_description":"HIDALGO started out as a passionate circle of friends, now a non-profit gGmbH supports the artistic productions","og_url":"https:\/\/hidalgofestival.de\/en\/classical-music-start-up\/","og_site_name":"HIDALGO","article_modified_time":"2025-01-27T14:42:47+00:00","twitter_card":"summary_large_image","twitter_misc":{"Est. reading time":"5 minutes"},"schema":{"@context":"https:\/\/schema.org","@graph":[{"@type":"WebPage","@id":"https:\/\/hidalgofestival.de\/en\/classical-music-start-up\/","url":"https:\/\/hidalgofestival.de\/en\/classical-music-start-up\/","name":"Classical Music Start-Up - HIDALGO","isPartOf":{"@id":"https:\/\/hidalgofestival.de\/en\/#website"},"datePublished":"2023-11-04T12:06:09+00:00","dateModified":"2025-01-27T14:42:47+00:00","description":"HIDALGO started out as a passionate circle of friends, now a non-profit gGmbH supports the artistic productions","breadcrumb":{"@id":"https:\/\/hidalgofestival.de\/en\/classical-music-start-up\/#breadcrumb"},"inLanguage":"en-US","potentialAction":[{"@type":"ReadAction","target":["https:\/\/hidalgofestival.de\/en\/classical-music-start-up\/"]}]},{"@type":"BreadcrumbList","@id":"https:\/\/hidalgofestival.de\/en\/classical-music-start-up\/#breadcrumb","itemListElement":[{"@type":"ListItem","position":1,"name":"Startseite","item":"https:\/\/hidalgofestival.de\/en\/beispiel-seite\/"},{"@type":"ListItem","position":2,"name":"Classical Music Start-Up"}]},{"@type":"WebSite","@id":"https:\/\/hidalgofestival.de\/en\/#website","url":"https:\/\/hidalgofestival.de\/en\/","name":"HIDALGO","description":"Festival f\u00fcr Junge Klassik","potentialAction":[{"@type":"SearchAction","target":{"@type":"EntryPoint","urlTemplate":"https:\/\/hidalgofestival.de\/en\/?s={search_term_string}"},"query-input":{"@type":"PropertyValueSpecification","valueRequired":true,"valueName":"search_term_string"}}],"inLanguage":"en-US"}]}},"_links":{"self":[{"href":"https:\/\/hidalgofestival.de\/en\/wp-json\/wp\/v2\/pages\/7769","targetHints":{"allow":["GET"]}}],"collection":[{"href":"https:\/\/hidalgofestival.de\/en\/wp-json\/wp\/v2\/pages"}],"about":[{"href":"https:\/\/hidalgofestival.de\/en\/wp-json\/wp\/v2\/types\/page"}],"author":[{"embeddable":true,"href":"https:\/\/hidalgofestival.de\/en\/wp-json\/wp\/v2\/users\/2"}],"replies":[{"embeddable":true,"href":"https:\/\/hidalgofestival.de\/en\/wp-json\/wp\/v2\/comments?post=7769"}],"version-history":[{"count":14,"href":"https:\/\/hidalgofestival.de\/en\/wp-json\/wp\/v2\/pages\/7769\/revisions"}],"predecessor-version":[{"id":9653,"href":"https:\/\/hidalgofestival.de\/en\/wp-json\/wp\/v2\/pages\/7769\/revisions\/9653"}],"wp:attachment":[{"href":"https:\/\/hidalgofestival.de\/en\/wp-json\/wp\/v2\/media?parent=7769"}],"curies":[{"name":"wp","href":"https:\/\/api.w.org\/{rel}","templated":true}]}}