{"id":7742,"date":"2023-06-21T16:32:27","date_gmt":"2023-06-21T14:32:27","guid":{"rendered":"https:\/\/hidalgofestival.de\/barn-dinner-lyrics\/"},"modified":"2023-06-21T16:32:27","modified_gmt":"2023-06-21T14:32:27","slug":"barn-dinner-lyrics","status":"publish","type":"page","link":"https:\/\/hidalgofestival.de\/en\/barn-dinner-lyrics\/","title":{"rendered":"Barn dinner &#8211; Lyrics"},"content":{"rendered":"<h3>LYRICS TO THE BARN DINNER<\/h3>\n<p>&nbsp;<\/p>\n<p><strong>&#8220;Spring Morning&#8221; by Gustav Mahler<\/strong><\/p>\n<p>The lime tree knocks on the window.<br \/>\nCovered with blossom branches:<br \/>\nGet up! Get up!<br \/>\nWhat are you lying on in your dream?<br \/>\nThe sun has risen!<br \/>\nGet up! Get up!<\/p>\n<p>The lark is awake, the bushes are blowing!<br \/>\nBees and beetles are buzzing!<br \/>\nGet up! Get up!<br \/>\nAnd I&#8217;ve already seen your cheerful love.<br \/>\nGet up, late riser!<br \/>\nLate risers, get up!<br \/>\nGet up! Get up!<\/p>\n<p>&nbsp;<\/p>\n<p><strong>Zaide&#8217;s aria &#8220;Tiger! wetze nur die Klauen&#8221; by Wolfgang Amadeus Mozart<\/strong><\/p>\n<p>Tiger! Just sharpen your claws,<br \/>\nrejoice in the spoils you have stolen.<br \/>\nPunish a foolish trust<br \/>\non disguised tenderness .<br \/>\nJust come quickly and kill us both,<br \/>\nsuck the warm blood of innocence.<br \/>\nTiger! tear the heart from the guts<br \/>\nand satiate your anger.<br \/>\nTiger! Tiger!<br \/>\nOh my Gomatz! with us poor things<br \/>\nfate has no mercy.<br \/>\nOnly death, only death<br \/>\nends our bitter distress.<br \/>\nTiger! just sharpen your claws, etc.<br \/>\nRichard Strauss &#8211; &#8220;Serenade&#8221;<br \/>\nOpen up, open up! but quietly, my child,<br \/>\nNot to wake anyone from their slumber!<br \/>\nThe stream barely murmurs, barely trembles in the wind<br \/>\nA leaf on the bushes and hedges;<br \/>\nSo quietly, my girl, that nothing stirs,<br \/>\nJust quietly put your hand on the handle!<\/p>\n<p>With kicks, like kicks of the elves so gentle,<br \/>\nTo hop over the flowers,<br \/>\nFly lightly out into the moonlit night,<br \/>\nTo slip into the garden with me!<br \/>\nAll around, the flowers slumber by the trickling stream<br \/>\nAnd scent in sleep, only love is awake.<\/p>\n<p>Sit down! Here it dawns mysteriously<br \/>\nUnder the lime trees.<br \/>\nThe nightingale shall be at our head<br \/>\nDreaming of our kisses<br \/>\nAnd the rose when it wakes up in the morning,<br \/>\nGlowing high from the night&#8217;s showers of delight.<\/p>\n<p>&nbsp;<\/p>\n<p><strong>&#8220;Chevaux de bois&#8221; by Claude Debussy<\/strong><\/p>\n<p>Tournez, tournez, bons chevaux de bois,<br \/>\nTournez cent tours, tournez mille tours,<br \/>\nTournez souvent et tournez toujours,<br \/>\nTournez, tournez au son des hautbois.<\/p>\n<p>L&#8217;enfant tout rouge et la m\u00e8re blanche,<br \/>\nLe gars en noir et la fille en rose,<br \/>\nL&#8217;une \u00e0 la chose et l&#8217;autre \u00e0 la pose,<br \/>\nChacun se paie un sou de dimanche.<\/p>\n<p>Tournez, tournez, chevaux de leur c\u0153ur,<br \/>\nTandis qu&#8217;autour de tous vos tournois<br \/>\nClignote l&#8217;\u0153il du filou sournois,<br \/>\nTournez au son du piston vainqueur!<\/p>\n<p>C&#8217;est \u00e9tonnant comme \u00e7a vous so\u00fble<br \/>\nD&#8217;aller ainsi dans ce cirque b\u00eate:<br \/>\nRien dans le ventre et mal dans la t\u00eate,<br \/>\nDu mal en masse et du bien en foule.<\/p>\n<p>Tournez, dadas, sans qu&#8217;il soit besoin<br \/>\nD&#8217;user jamais de nuls \u00e9perons<br \/>\nPour commander \u00e0 vos galops ronds:<br \/>\nTournez, tournez, sans espoir de foin.<\/p>\n<p>Et d\u00e9p\u00eachez, chevaux de leur \u00e2me,<br \/>\nD\u00e9j\u00e0 voici que sonne \u00e0 la soupe<br \/>\nLa nuit qui tombe et chasse la troupe<br \/>\nDe gais buveurs que leur soif affame.<\/p>\n<p>Tournez, tournez! Le ciel en velours<br \/>\nD&#8217;astres en or se v\u00eat lentement.<br \/>\nL&#8217;\u00e9glise tinte un glas tristement.<br \/>\nTournez au son joyeux des tambours!<\/p>\n<p>&nbsp;<\/p>\n<p><strong>&#8220;The Angel&#8221; from the Wesendonck Lieder by Richard Wagner<\/strong><\/p>\n<p>In the early days of childhood<br \/>\nI often hear angels say that,<br \/>\nThe bliss of heaven<br \/>\nSwap with the earth sun,<\/p>\n<p>That where an anxious heart is troubled<br \/>\nPines hidden from the world,<br \/>\nThat where still it will bleed to death,<br \/>\nAnd pass away in floods of tears,<\/p>\n<p>That where his prayer is fervent<br \/>\nOnly begs for redemption,<br \/>\nAs the angel floats down,<br \/>\nAnd lifts it gently into the sky.<\/p>\n<p>Yes, an angel came down to me too,<br \/>\nAnd on shining plumage<br \/>\nHe leads, far from any pain,<br \/>\nMy spirit now heavenward!<\/p>\n<p>&nbsp;<\/p>\n<p><strong>&#8220;Restless love&#8221; by Franz Schubert<\/strong><\/p>\n<p>The snow, the rain,<br \/>\nAgainst the wind,<br \/>\nIn the steam of the fissures,<br \/>\nThrough fog scents,<br \/>\nAlways closed! Always closed!<br \/>\nWithout rest and quiet!<\/p>\n<p>Rather through suffering<br \/>\nI wanted to beat myself,<br \/>\nWhen so many joys<br \/>\nTo endure life.<br \/>\nAll the tilting<br \/>\nFrom heart to heart,<br \/>\nOh, how so peculiar<br \/>\nMake it hurt!<\/p>\n<p>How should I flee?<br \/>\nHead for the woods?<br \/>\nAll in vain!<br \/>\nCrown of life,<br \/>\nHappiness without rest,<br \/>\nLove, you are!<\/p>\n<p>&nbsp;<\/p>\n<p><strong>Lauretta&#8217;s aria &#8220;O mio babbino caro&#8221; by Giacomo Antonio Puccini<\/strong><\/p>\n<p>O mio babbino caro,<br \/>\nmi piace \u00e8 bello, bello;<br \/>\nvo&#8217;andare in Porta Rossa<br \/>\na comperar l&#8217;anello!<\/p>\n<p>S\u00ec, s\u00ec, ci voglio andare!<br \/>\ne se l&#8217;amassi indarno,<br \/>\nandrei sul Ponte Vecchio,<br \/>\nma per buttarmi in Arno!<\/p>\n<p>Mi struggo e mi tormento!<br \/>\nO Dio, vorrei morir!<br \/>\nBabbo, piet\u00e0 , piet\u00e0 !<br \/>\nBabbo, piet\u00e0 , piet\u00e0 !<\/p>\n","protected":false},"excerpt":{"rendered":"<p>LYRICS TO THE BARN DINNER &nbsp; &#8220;Spring Morning&#8221; by Gustav Mahler The lime tree knocks on the window. Covered with blossom branches: Get up! Get up! What are you lying on in your dream? The sun has risen! Get up!&#8230;<\/p>\n","protected":false},"author":2,"featured_media":0,"parent":0,"menu_order":0,"comment_status":"closed","ping_status":"closed","template":"","meta":{"footnotes":""},"class_list":["post-7742","page","type-page","status-publish","hentry"],"yoast_head":"<!-- This site is optimized with the Yoast SEO plugin v27.2 - https:\/\/yoast.com\/product\/yoast-seo-wordpress\/ -->\n<title>Barn dinner - Lyrics - HIDALGO<\/title>\n<meta name=\"robots\" content=\"index, follow, max-snippet:-1, max-image-preview:large, max-video-preview:-1\" \/>\n<link rel=\"canonical\" href=\"https:\/\/hidalgofestival.de\/en\/barn-dinner-lyrics\/\" \/>\n<meta property=\"og:locale\" content=\"en_US\" \/>\n<meta property=\"og:type\" content=\"article\" \/>\n<meta property=\"og:title\" content=\"Barn dinner - Lyrics - HIDALGO\" \/>\n<meta property=\"og:description\" content=\"LYRICS TO THE BARN DINNER &nbsp; &#8220;Spring Morning&#8221; by Gustav Mahler The lime tree knocks on the window. Covered with blossom branches: Get up! Get up! What are you lying on in your dream? The sun has risen! Get up!...\" \/>\n<meta property=\"og:url\" content=\"https:\/\/hidalgofestival.de\/en\/barn-dinner-lyrics\/\" \/>\n<meta property=\"og:site_name\" content=\"HIDALGO\" \/>\n<meta name=\"twitter:card\" content=\"summary_large_image\" \/>\n<meta name=\"twitter:label1\" content=\"Est. reading time\" \/>\n\t<meta name=\"twitter:data1\" content=\"4 minutes\" \/>\n<script type=\"application\/ld+json\" class=\"yoast-schema-graph\">{\"@context\":\"https:\/\/schema.org\",\"@graph\":[{\"@type\":\"WebPage\",\"@id\":\"https:\/\/hidalgofestival.de\/en\/barn-dinner-lyrics\/\",\"url\":\"https:\/\/hidalgofestival.de\/en\/barn-dinner-lyrics\/\",\"name\":\"Barn dinner - Lyrics - HIDALGO\",\"isPartOf\":{\"@id\":\"https:\/\/hidalgofestival.de\/en\/#website\"},\"datePublished\":\"2023-06-21T14:32:27+00:00\",\"breadcrumb\":{\"@id\":\"https:\/\/hidalgofestival.de\/en\/barn-dinner-lyrics\/#breadcrumb\"},\"inLanguage\":\"en-US\",\"potentialAction\":[{\"@type\":\"ReadAction\",\"target\":[\"https:\/\/hidalgofestival.de\/en\/barn-dinner-lyrics\/\"]}]},{\"@type\":\"BreadcrumbList\",\"@id\":\"https:\/\/hidalgofestival.de\/en\/barn-dinner-lyrics\/#breadcrumb\",\"itemListElement\":[{\"@type\":\"ListItem\",\"position\":1,\"name\":\"Startseite\",\"item\":\"https:\/\/hidalgofestival.de\/en\/beispiel-seite\/\"},{\"@type\":\"ListItem\",\"position\":2,\"name\":\"Barn dinner &#8211; Lyrics\"}]},{\"@type\":\"WebSite\",\"@id\":\"https:\/\/hidalgofestival.de\/en\/#website\",\"url\":\"https:\/\/hidalgofestival.de\/en\/\",\"name\":\"HIDALGO\",\"description\":\"Festival f\u00fcr Junge Klassik\",\"potentialAction\":[{\"@type\":\"SearchAction\",\"target\":{\"@type\":\"EntryPoint\",\"urlTemplate\":\"https:\/\/hidalgofestival.de\/en\/?s={search_term_string}\"},\"query-input\":{\"@type\":\"PropertyValueSpecification\",\"valueRequired\":true,\"valueName\":\"search_term_string\"}}],\"inLanguage\":\"en-US\"}]}<\/script>\n<!-- \/ Yoast SEO plugin. -->","yoast_head_json":{"title":"Barn dinner - Lyrics - HIDALGO","robots":{"index":"index","follow":"follow","max-snippet":"max-snippet:-1","max-image-preview":"max-image-preview:large","max-video-preview":"max-video-preview:-1"},"canonical":"https:\/\/hidalgofestival.de\/en\/barn-dinner-lyrics\/","og_locale":"en_US","og_type":"article","og_title":"Barn dinner - Lyrics - HIDALGO","og_description":"LYRICS TO THE BARN DINNER &nbsp; &#8220;Spring Morning&#8221; by Gustav Mahler The lime tree knocks on the window. Covered with blossom branches: Get up! Get up! What are you lying on in your dream? The sun has risen! Get up!...","og_url":"https:\/\/hidalgofestival.de\/en\/barn-dinner-lyrics\/","og_site_name":"HIDALGO","twitter_card":"summary_large_image","twitter_misc":{"Est. reading time":"4 minutes"},"schema":{"@context":"https:\/\/schema.org","@graph":[{"@type":"WebPage","@id":"https:\/\/hidalgofestival.de\/en\/barn-dinner-lyrics\/","url":"https:\/\/hidalgofestival.de\/en\/barn-dinner-lyrics\/","name":"Barn dinner - Lyrics - HIDALGO","isPartOf":{"@id":"https:\/\/hidalgofestival.de\/en\/#website"},"datePublished":"2023-06-21T14:32:27+00:00","breadcrumb":{"@id":"https:\/\/hidalgofestival.de\/en\/barn-dinner-lyrics\/#breadcrumb"},"inLanguage":"en-US","potentialAction":[{"@type":"ReadAction","target":["https:\/\/hidalgofestival.de\/en\/barn-dinner-lyrics\/"]}]},{"@type":"BreadcrumbList","@id":"https:\/\/hidalgofestival.de\/en\/barn-dinner-lyrics\/#breadcrumb","itemListElement":[{"@type":"ListItem","position":1,"name":"Startseite","item":"https:\/\/hidalgofestival.de\/en\/beispiel-seite\/"},{"@type":"ListItem","position":2,"name":"Barn dinner &#8211; Lyrics"}]},{"@type":"WebSite","@id":"https:\/\/hidalgofestival.de\/en\/#website","url":"https:\/\/hidalgofestival.de\/en\/","name":"HIDALGO","description":"Festival f\u00fcr Junge Klassik","potentialAction":[{"@type":"SearchAction","target":{"@type":"EntryPoint","urlTemplate":"https:\/\/hidalgofestival.de\/en\/?s={search_term_string}"},"query-input":{"@type":"PropertyValueSpecification","valueRequired":true,"valueName":"search_term_string"}}],"inLanguage":"en-US"}]}},"_links":{"self":[{"href":"https:\/\/hidalgofestival.de\/en\/wp-json\/wp\/v2\/pages\/7742","targetHints":{"allow":["GET"]}}],"collection":[{"href":"https:\/\/hidalgofestival.de\/en\/wp-json\/wp\/v2\/pages"}],"about":[{"href":"https:\/\/hidalgofestival.de\/en\/wp-json\/wp\/v2\/types\/page"}],"author":[{"embeddable":true,"href":"https:\/\/hidalgofestival.de\/en\/wp-json\/wp\/v2\/users\/2"}],"replies":[{"embeddable":true,"href":"https:\/\/hidalgofestival.de\/en\/wp-json\/wp\/v2\/comments?post=7742"}],"version-history":[{"count":0,"href":"https:\/\/hidalgofestival.de\/en\/wp-json\/wp\/v2\/pages\/7742\/revisions"}],"wp:attachment":[{"href":"https:\/\/hidalgofestival.de\/en\/wp-json\/wp\/v2\/media?parent=7742"}],"curies":[{"name":"wp","href":"https:\/\/api.w.org\/{rel}","templated":true}]}}